{"id":43,"date":"2011-07-26T12:57:35","date_gmt":"2011-07-26T12:57:35","guid":{"rendered":"http:\/\/wp10652880.wp159.webpack.hosteurope.de\/?page_id=43"},"modified":"2023-10-30T08:37:39","modified_gmt":"2023-10-30T08:37:39","slug":"ubergang-schule-beruf","status":"publish","type":"page","link":"http:\/\/eks-bergheim.de\/?page_id=43","title":{"rendered":"Abschl\u00fcsse"},"content":{"rendered":"<p><strong>An der <\/strong><strong>GHS Bergheim <\/strong><strong>Erich K\u00e4stner-Schule\u00a0<\/strong><strong>k\u00f6nnen alle Abschl\u00fcsse und Berechtigungen der Sekundarstufe I erworben werden.<\/strong><\/p>\n<p><strong><span style=\"text-decoration: underline;\">Hauptschulabschluss<\/span><\/strong><\/p>\n<p>Mit der Versetzung am Ende der Klasse 9 in die Klasse 10 haben die Sch\u00fclerinnen und Sch\u00fcler den Ersten Schulabschluss erreicht. Dieser Hauptschulabschluss nach Klasse 9 bietet 3 M\u00f6glichkeiten:<\/p>\n<p>&#8211;\u00a0Eintritt in ein Berufsausbildungsverh\u00e4ltnis<\/p>\n<p>&#8211;\u00a0\u00a0Eintritt in die Klasse 10A, um den Ersten erweiteren Schulabschluss zu erlangen<\/p>\n<p>&#8211;\u00a0\u00a0Eintritt in die Klasse 10B, um den mittleren Bildungsabschluss zu erreichen<\/p>\n<p><strong><span style=\"text-decoration: underline;\">Sekundarabschluss I \u2013Hauptschulabschluss nach Klasse 10A<\/span><\/strong><\/p>\n<p>Mit dem erfolgreichen Besuch der Klasse 10 Typ A erwirbt die Sch\u00fclerin\/ der Sch\u00fcler den Ersten erweiterten Schulabschluss.<\/p>\n<p>Der Unterricht in der Klasse 10 Typ A ist st\u00e4rker berufsvorbereitend und praxisorientiert ausgerichtet. In den Vordergrund treten st\u00e4rker die Bereiche <span style=\"text-decoration: underline;\">Arbeitslehre<\/span> (Wirtschaftslehre, Hauswirtschaft, Technik) und die <span style=\"text-decoration: underline;\">Naturwissenschaften<\/span> (Physik, Biologie, Chemie). W\u00e4hrend diese beiden Bereiche als Hauptf\u00e4cher unterrichtet werden, wird Englisch als Nebenfach gewertet.<\/p>\n<p>Ziel dieser Klasse ist es, die Sch\u00fclerinnen und Sch\u00fcler auf die Anforderungen in einer betrieblichen Ausbildung oder in einer Berufsbildenden Schule vorzubereiten.<\/p>\n<p>Sch\u00fclerinnen und Sch\u00fcler mit diesem Abschluss haben die M\u00f6glichkeit, den mittleren Schulabschluss \u2013Fachoberschulreife- zu erlangen durch<\/p>\n<p>&#8211;\u00a0den erfolgreichen Abschluss des Berufsgrundschuljahres mit befriedigenden Leistungen<\/p>\n<p>&#8211;\u00a0eine abgeschlossene Berufausbildung mit mindestens 2,5 in der Abschlussnote der Berufsschule und Kenntnisse in Englisch<\/p>\n<p><strong>\u00a0<\/strong><\/p>\n<p><strong><span style=\"text-decoration: underline;\">Mittlerer Bildungsabschluss \u2013Fachoberschulreife-<\/span><\/strong><\/p>\n<p>Die Berechtigung zum Besuch der Klasse 10 Typ B ist an folgende Voraussetzungen im Versetzungszeugnis der Klasse 9 gebunden:<\/p>\n<p>&#8211;\u00a0gute Leistungen in Deutsch, Mathematik und Englisch (Hauptfach!) und mindestens befriedigende Leistungen in zwei Nebenf\u00e4chern\u00a0oder<\/p>\n<p>&#8211;\u00a0befriedigende Leistungen in Deutsch, Mathematik und Englisch<sup>1<\/sup> und mindestens gute Leistungen in zwei Nebenf\u00e4chern\u00a0oder<\/p>\n<p>&#8211;\u00a0befriedigende Leistungen in zwei der F\u00e4cher Deutsch, Mathematik und Englisch und mindestens gute Leistungen in vier Nebenf\u00e4chern.<\/p>\n<p>Ziel der Klasse 10 Typ B ist es, die Sch\u00fclerinnen und Sch\u00fcler \u00fcber ein erweitertes und komprimiertes Bildungsangebot auf eine qualifizierte Berufsausbildung, den Besuch einer Fach- oder Fachoberschule oder \u2013 mit qualifiziertem Abschluss- die erfolgreiche Teilnahme am Unterricht der gymnasialen Oberstufe vorzubereiten.<\/p>\n<p>Nach erfolgreichem Besuch der Klasse 10 Typ B erhalten die Sch\u00fclerinnen und Sch\u00fcler den mittleren Schulabschluss- Fachoberschulreife oder bei besonders guter Notenlage- mit diesem Abschluss die Berechtigung zum Besuch der gymnasialen Oberstufe<strong> <sup>2<\/sup><\/strong><\/p>\n<p>1) In einem der F\u00e4cher Mathematik oder Englisch muss die geforderte Leistung in einem Erweiterungs-Kurs der Klasse 9 erbracht worden sein, alle F\u00e4cher m\u00fcssen mindestens mit ausreichend benotet sein.<\/p>\n<p>2) Die Berechtigung zum Besuch der gymnasialen Oberstufe wird erworben, wenn die Leistungen in allen F\u00e4chern mindestens befriedigend sind.\u00a0 Ausreichende Leistungen in nicht mehr als einem der F\u00e4cher Deutsch, Mathematik und Englisch m\u00fcssen durch mindestens gute Leistungen in einem anderen dieser F\u00e4cher ausgeglichen werden. Bis zu 2 ausreichende Leistungen und eine weitere ausreichende oder mangelhafte Leitung in einem Nebenfach m\u00fcssen durch jeweils gute Noten in anderen F\u00e4chern ausgeglichen werden.<\/p>\n","protected":false},"excerpt":{"rendered":"<p>An der GHS Bergheim Erich K\u00e4stner-Schule\u00a0k\u00f6nnen alle Abschl\u00fcsse und Berechtigungen der Sekundarstufe I erworben werden. Hauptschulabschluss Mit der Versetzung am Ende der Klasse 9 in die Klasse 10 haben die Sch\u00fclerinnen und Sch\u00fcler den Ersten Schulabschluss erreicht. Dieser Hauptschulabschluss nach Klasse 9 bietet 3 M\u00f6glichkeiten: &#8211;\u00a0Eintritt in ein Berufsausbildungsverh\u00e4ltnis &#8211;\u00a0\u00a0Eintritt in die Klasse 10A, um &hellip; <\/p>\n<p><a class=\"more-link btn\" href=\"http:\/\/eks-bergheim.de\/?page_id=43\">Weiterlesen<\/a><\/p>\n","protected":false},"author":1,"featured_media":0,"parent":569,"menu_order":1,"comment_status":"open","ping_status":"open","template":"template-onecolumn.php","meta":{"footnotes":""},"class_list":["post-43","page","type-page","status-publish","hentry","nodate","item-wrap"],"yoast_head":"<!-- This site is optimized with the Yoast SEO plugin v26.6 - https:\/\/yoast.com\/wordpress\/plugins\/seo\/ -->\n<title>Abschl\u00fcsse - Erich K\u00e4stner Schule Bergheim<\/title>\n<meta name=\"robots\" content=\"index, follow, max-snippet:-1, max-image-preview:large, max-video-preview:-1\" \/>\n<link rel=\"canonical\" href=\"https:\/\/eks-bergheim.de\/?page_id=43\" \/>\n<meta property=\"og:locale\" content=\"de_DE\" \/>\n<meta property=\"og:type\" content=\"article\" \/>\n<meta property=\"og:title\" content=\"Abschl\u00fcsse - Erich K\u00e4stner Schule Bergheim\" \/>\n<meta property=\"og:description\" content=\"An der GHS Bergheim Erich K\u00e4stner-Schule\u00a0k\u00f6nnen alle Abschl\u00fcsse und Berechtigungen der Sekundarstufe I erworben werden. Hauptschulabschluss Mit der Versetzung am Ende der Klasse 9 in die Klasse 10 haben die Sch\u00fclerinnen und Sch\u00fcler den Ersten Schulabschluss erreicht. Dieser Hauptschulabschluss nach Klasse 9 bietet 3 M\u00f6glichkeiten: &#8211;\u00a0Eintritt in ein Berufsausbildungsverh\u00e4ltnis &#8211;\u00a0\u00a0Eintritt in die Klasse 10A, um &hellip; Weiterlesen\" \/>\n<meta property=\"og:url\" content=\"https:\/\/eks-bergheim.de\/?page_id=43\" \/>\n<meta property=\"og:site_name\" content=\"Erich K\u00e4stner Schule Bergheim\" \/>\n<meta property=\"article:modified_time\" content=\"2023-10-30T08:37:39+00:00\" \/>\n<meta name=\"twitter:card\" content=\"summary_large_image\" \/>\n<meta name=\"twitter:label1\" content=\"Gesch\u00e4tzte Lesezeit\" \/>\n\t<meta name=\"twitter:data1\" content=\"3\u00a0Minuten\" \/>\n<script type=\"application\/ld+json\" class=\"yoast-schema-graph\">{\"@context\":\"https:\/\/schema.org\",\"@graph\":[{\"@type\":\"WebPage\",\"@id\":\"https:\/\/eks-bergheim.de\/?page_id=43\",\"url\":\"https:\/\/eks-bergheim.de\/?page_id=43\",\"name\":\"Abschl\u00fcsse - Erich K\u00e4stner Schule Bergheim\",\"isPartOf\":{\"@id\":\"https:\/\/eks-bergheim.de\/#website\"},\"datePublished\":\"2011-07-26T12:57:35+00:00\",\"dateModified\":\"2023-10-30T08:37:39+00:00\",\"breadcrumb\":{\"@id\":\"https:\/\/eks-bergheim.de\/?page_id=43#breadcrumb\"},\"inLanguage\":\"de\",\"potentialAction\":[{\"@type\":\"ReadAction\",\"target\":[\"https:\/\/eks-bergheim.de\/?page_id=43\"]}]},{\"@type\":\"BreadcrumbList\",\"@id\":\"https:\/\/eks-bergheim.de\/?page_id=43#breadcrumb\",\"itemListElement\":[{\"@type\":\"ListItem\",\"position\":1,\"name\":\"Startseite\",\"item\":\"https:\/\/eks-bergheim.de\/\"},{\"@type\":\"ListItem\",\"position\":2,\"name\":\"Infos und Termine\",\"item\":\"http:\/\/eks-bergheim.de\/?page_id=2\"},{\"@type\":\"ListItem\",\"position\":3,\"name\":\"Infos\",\"item\":\"http:\/\/eks-bergheim.de\/?page_id=569\"},{\"@type\":\"ListItem\",\"position\":4,\"name\":\"Abschl\u00fcsse\"}]},{\"@type\":\"WebSite\",\"@id\":\"https:\/\/eks-bergheim.de\/#website\",\"url\":\"https:\/\/eks-bergheim.de\/\",\"name\":\"Erich K\u00e4stner Schule Bergheim\",\"description\":\"\",\"potentialAction\":[{\"@type\":\"SearchAction\",\"target\":{\"@type\":\"EntryPoint\",\"urlTemplate\":\"https:\/\/eks-bergheim.de\/?s={search_term_string}\"},\"query-input\":{\"@type\":\"PropertyValueSpecification\",\"valueRequired\":true,\"valueName\":\"search_term_string\"}}],\"inLanguage\":\"de\"}]}<\/script>\n<!-- \/ Yoast SEO plugin. -->","yoast_head_json":{"title":"Abschl\u00fcsse - Erich K\u00e4stner Schule Bergheim","robots":{"index":"index","follow":"follow","max-snippet":"max-snippet:-1","max-image-preview":"max-image-preview:large","max-video-preview":"max-video-preview:-1"},"canonical":"https:\/\/eks-bergheim.de\/?page_id=43","og_locale":"de_DE","og_type":"article","og_title":"Abschl\u00fcsse - Erich K\u00e4stner Schule Bergheim","og_description":"An der GHS Bergheim Erich K\u00e4stner-Schule\u00a0k\u00f6nnen alle Abschl\u00fcsse und Berechtigungen der Sekundarstufe I erworben werden. Hauptschulabschluss Mit der Versetzung am Ende der Klasse 9 in die Klasse 10 haben die Sch\u00fclerinnen und Sch\u00fcler den Ersten Schulabschluss erreicht. Dieser Hauptschulabschluss nach Klasse 9 bietet 3 M\u00f6glichkeiten: &#8211;\u00a0Eintritt in ein Berufsausbildungsverh\u00e4ltnis &#8211;\u00a0\u00a0Eintritt in die Klasse 10A, um &hellip; Weiterlesen","og_url":"https:\/\/eks-bergheim.de\/?page_id=43","og_site_name":"Erich K\u00e4stner Schule Bergheim","article_modified_time":"2023-10-30T08:37:39+00:00","twitter_card":"summary_large_image","twitter_misc":{"Gesch\u00e4tzte Lesezeit":"3\u00a0Minuten"},"schema":{"@context":"https:\/\/schema.org","@graph":[{"@type":"WebPage","@id":"https:\/\/eks-bergheim.de\/?page_id=43","url":"https:\/\/eks-bergheim.de\/?page_id=43","name":"Abschl\u00fcsse - Erich K\u00e4stner Schule Bergheim","isPartOf":{"@id":"https:\/\/eks-bergheim.de\/#website"},"datePublished":"2011-07-26T12:57:35+00:00","dateModified":"2023-10-30T08:37:39+00:00","breadcrumb":{"@id":"https:\/\/eks-bergheim.de\/?page_id=43#breadcrumb"},"inLanguage":"de","potentialAction":[{"@type":"ReadAction","target":["https:\/\/eks-bergheim.de\/?page_id=43"]}]},{"@type":"BreadcrumbList","@id":"https:\/\/eks-bergheim.de\/?page_id=43#breadcrumb","itemListElement":[{"@type":"ListItem","position":1,"name":"Startseite","item":"https:\/\/eks-bergheim.de\/"},{"@type":"ListItem","position":2,"name":"Infos und Termine","item":"http:\/\/eks-bergheim.de\/?page_id=2"},{"@type":"ListItem","position":3,"name":"Infos","item":"http:\/\/eks-bergheim.de\/?page_id=569"},{"@type":"ListItem","position":4,"name":"Abschl\u00fcsse"}]},{"@type":"WebSite","@id":"https:\/\/eks-bergheim.de\/#website","url":"https:\/\/eks-bergheim.de\/","name":"Erich K\u00e4stner Schule Bergheim","description":"","potentialAction":[{"@type":"SearchAction","target":{"@type":"EntryPoint","urlTemplate":"https:\/\/eks-bergheim.de\/?s={search_term_string}"},"query-input":{"@type":"PropertyValueSpecification","valueRequired":true,"valueName":"search_term_string"}}],"inLanguage":"de"}]}},"_links":{"self":[{"href":"http:\/\/eks-bergheim.de\/index.php?rest_route=\/wp\/v2\/pages\/43","targetHints":{"allow":["GET"]}}],"collection":[{"href":"http:\/\/eks-bergheim.de\/index.php?rest_route=\/wp\/v2\/pages"}],"about":[{"href":"http:\/\/eks-bergheim.de\/index.php?rest_route=\/wp\/v2\/types\/page"}],"author":[{"embeddable":true,"href":"http:\/\/eks-bergheim.de\/index.php?rest_route=\/wp\/v2\/users\/1"}],"replies":[{"embeddable":true,"href":"http:\/\/eks-bergheim.de\/index.php?rest_route=%2Fwp%2Fv2%2Fcomments&post=43"}],"version-history":[{"count":17,"href":"http:\/\/eks-bergheim.de\/index.php?rest_route=\/wp\/v2\/pages\/43\/revisions"}],"predecessor-version":[{"id":9386,"href":"http:\/\/eks-bergheim.de\/index.php?rest_route=\/wp\/v2\/pages\/43\/revisions\/9386"}],"up":[{"embeddable":true,"href":"http:\/\/eks-bergheim.de\/index.php?rest_route=\/wp\/v2\/pages\/569"}],"wp:attachment":[{"href":"http:\/\/eks-bergheim.de\/index.php?rest_route=%2Fwp%2Fv2%2Fmedia&parent=43"}],"curies":[{"name":"wp","href":"https:\/\/api.w.org\/{rel}","templated":true}]}}