{"id":517,"date":"2011-10-26T09:22:07","date_gmt":"2011-10-26T09:22:07","guid":{"rendered":"http:\/\/wp10652880.wp159.webpack.hosteurope.de\/?page_id=517"},"modified":"2016-02-10T11:30:54","modified_gmt":"2016-02-10T11:30:54","slug":"infos-fur-schuler","status":"publish","type":"page","link":"https:\/\/eks-bergheim.de\/?page_id=517","title":{"rendered":"Infos f\u00fcr Sch\u00fcler"},"content":{"rendered":"<p>Liebe Sch\u00fcler,<\/p>\n<p>&nbsp;<\/p>\n<p>Wir unterliegen der Schweigepflicht, d.h. dass wir von den Themen, die wir miteinander besprechen <strong>KEINEM <\/strong>etwas erz\u00e4hlen d\u00fcrfen- weder einem Lehrer noch Euren Eltern.<\/p>\n<p>&nbsp;<\/p>\n<p>Wir sind Ansprechpartner bei folgenden Anliegen oder Problemen:<\/p>\n<ul>\n<li><strong>Schulische Probleme<\/strong>, z.B. schlechte Noten in einem Schulfach,kein Geld f\u00fcr Klassenfahrten\/Ausfl\u00fcge\/Mensaessen oder Materialien f\u00fcr die Schule,Unwohlsein in der Schule<\/li>\n<li><strong>Probleme mit einem Lehrer<\/strong>, z.B. ungerechte Behandlung in der Benotung oder im Umgang mit euch<\/li>\n<li><strong>Famili\u00e4re Probleme<\/strong>, z.B. Stress mit den Eltern oder denGeschwistern, Trennung der Eltern, Tod\u00a0eines Angeh\u00f6rigen, \u00c4ngste den Eltern etwas mitzuteilen<\/li>\n<li><strong>Probleme mit Freunden<\/strong>, z.B. heftige Streitereien, Liebeskummer, Unwohlsein mit einem Geheimnis eines Freundes<\/li>\n<li>\u00a0<strong>Mobbing<\/strong><\/li>\n<li><strong>Kriminalit\u00e4t<\/strong><\/li>\n<li><strong>Schwangerschaft<\/strong><\/li>\n<li><strong>Berufsorientierung und Berufswahlentscheidung<\/strong><\/li>\n<li><strong>Pers\u00f6nliche Probleme<\/strong>, z.B. Probleme mit dem Essen, Gewalterfahrungen durch die Eltern oder Andere, Bel\u00e4stigung durch eine Person<\/li>\n<\/ul>\n<p>&nbsp;<\/p>\n<p>Was wir f\u00fcr Euch tun k\u00f6nnen bzw. wie wir Euch unterst\u00fctzen k\u00f6nnen:<\/p>\n<ul>\n<li>Immer ein <strong>offenes Ohr<\/strong><\/li>\n<li><strong>Vermittlung<\/strong> zwischen euch und Mitsch\u00fclern\/ Lehrern\/ Eltern<\/li>\n<li><strong>Beratung<\/strong><\/li>\n<li>Bei gewissen Problemlagen <strong>Weitervermittlung<\/strong> an andere Institutionen<\/li>\n<li>Wenn gew\u00fcnscht <strong>Begleitung zu Institutionen und Beratungseinrichtungen<\/strong><\/li>\n<li><strong>Berufsorientierungshilfe<\/strong><\/li>\n<li>Unterst\u00fctzung bei <strong>Bewerbungsschreiben<\/strong><\/li>\n<\/ul>\n<p>&nbsp;<\/p>\n<p>&nbsp;<\/p>\n","protected":false},"excerpt":{"rendered":"<p>Liebe Sch\u00fcler, &nbsp; Wir unterliegen der Schweigepflicht, d.h. dass wir von den Themen, die wir miteinander besprechen KEINEM etwas erz\u00e4hlen d\u00fcrfen- weder einem Lehrer noch Euren Eltern. &nbsp; Wir sind Ansprechpartner bei folgenden Anliegen oder Problemen: Schulische Probleme, z.B. schlechte Noten in einem Schulfach,kein Geld f\u00fcr Klassenfahrten\/Ausfl\u00fcge\/Mensaessen oder Materialien f\u00fcr die Schule,Unwohlsein in der Schule &hellip; <\/p>\n<p><a class=\"more-link btn\" href=\"https:\/\/eks-bergheim.de\/?page_id=517\">Weiterlesen<\/a><\/p>\n","protected":false},"author":1,"featured_media":0,"parent":1492,"menu_order":2,"comment_status":"open","ping_status":"open","template":"template-onecolumn.php","meta":{"footnotes":""},"class_list":["post-517","page","type-page","status-publish","hentry","nodate","item-wrap"],"yoast_head":"<!-- This site is optimized with the Yoast SEO plugin v26.6 - https:\/\/yoast.com\/wordpress\/plugins\/seo\/ -->\n<title>Infos f\u00fcr Sch\u00fcler - Erich K\u00e4stner Schule Bergheim<\/title>\n<meta name=\"robots\" content=\"index, follow, max-snippet:-1, max-image-preview:large, max-video-preview:-1\" \/>\n<link rel=\"canonical\" href=\"http:\/\/eks-bergheim.de\/?page_id=517\" \/>\n<meta property=\"og:locale\" content=\"de_DE\" \/>\n<meta property=\"og:type\" content=\"article\" \/>\n<meta property=\"og:title\" content=\"Infos f\u00fcr Sch\u00fcler - Erich K\u00e4stner Schule Bergheim\" \/>\n<meta property=\"og:description\" content=\"Liebe Sch\u00fcler, &nbsp; Wir unterliegen der Schweigepflicht, d.h. dass wir von den Themen, die wir miteinander besprechen KEINEM etwas erz\u00e4hlen d\u00fcrfen- weder einem Lehrer noch Euren Eltern. &nbsp; Wir sind Ansprechpartner bei folgenden Anliegen oder Problemen: Schulische Probleme, z.B. schlechte Noten in einem Schulfach,kein Geld f\u00fcr Klassenfahrten\/Ausfl\u00fcge\/Mensaessen oder Materialien f\u00fcr die Schule,Unwohlsein in der Schule &hellip; Weiterlesen\" \/>\n<meta property=\"og:url\" content=\"http:\/\/eks-bergheim.de\/?page_id=517\" \/>\n<meta property=\"og:site_name\" content=\"Erich K\u00e4stner Schule Bergheim\" \/>\n<meta property=\"article:modified_time\" content=\"2016-02-10T11:30:54+00:00\" \/>\n<meta name=\"twitter:card\" content=\"summary_large_image\" \/>\n<meta name=\"twitter:label1\" content=\"Gesch\u00e4tzte Lesezeit\" \/>\n\t<meta name=\"twitter:data1\" content=\"1\u00a0Minute\" \/>\n<script type=\"application\/ld+json\" class=\"yoast-schema-graph\">{\"@context\":\"https:\/\/schema.org\",\"@graph\":[{\"@type\":\"WebPage\",\"@id\":\"http:\/\/eks-bergheim.de\/?page_id=517\",\"url\":\"http:\/\/eks-bergheim.de\/?page_id=517\",\"name\":\"Infos f\u00fcr Sch\u00fcler - Erich K\u00e4stner Schule Bergheim\",\"isPartOf\":{\"@id\":\"http:\/\/eks-bergheim.de\/#website\"},\"datePublished\":\"2011-10-26T09:22:07+00:00\",\"dateModified\":\"2016-02-10T11:30:54+00:00\",\"breadcrumb\":{\"@id\":\"http:\/\/eks-bergheim.de\/?page_id=517#breadcrumb\"},\"inLanguage\":\"de\",\"potentialAction\":[{\"@type\":\"ReadAction\",\"target\":[\"http:\/\/eks-bergheim.de\/?page_id=517\"]}]},{\"@type\":\"BreadcrumbList\",\"@id\":\"http:\/\/eks-bergheim.de\/?page_id=517#breadcrumb\",\"itemListElement\":[{\"@type\":\"ListItem\",\"position\":1,\"name\":\"Startseite\",\"item\":\"http:\/\/eks-bergheim.de\/\"},{\"@type\":\"ListItem\",\"position\":2,\"name\":\"Wer ist wer?\",\"item\":\"http:\/\/eks-bergheim.de\/?page_id=19\"},{\"@type\":\"ListItem\",\"position\":3,\"name\":\"Schulsozialarbeit\",\"item\":\"http:\/\/eks-bergheim.de\/?page_id=1492\"},{\"@type\":\"ListItem\",\"position\":4,\"name\":\"Infos f\u00fcr Sch\u00fcler\"}]},{\"@type\":\"WebSite\",\"@id\":\"http:\/\/eks-bergheim.de\/#website\",\"url\":\"http:\/\/eks-bergheim.de\/\",\"name\":\"Erich K\u00e4stner Schule Bergheim\",\"description\":\"\",\"potentialAction\":[{\"@type\":\"SearchAction\",\"target\":{\"@type\":\"EntryPoint\",\"urlTemplate\":\"http:\/\/eks-bergheim.de\/?s={search_term_string}\"},\"query-input\":{\"@type\":\"PropertyValueSpecification\",\"valueRequired\":true,\"valueName\":\"search_term_string\"}}],\"inLanguage\":\"de\"}]}<\/script>\n<!-- \/ Yoast SEO plugin. -->","yoast_head_json":{"title":"Infos f\u00fcr Sch\u00fcler - Erich K\u00e4stner Schule Bergheim","robots":{"index":"index","follow":"follow","max-snippet":"max-snippet:-1","max-image-preview":"max-image-preview:large","max-video-preview":"max-video-preview:-1"},"canonical":"http:\/\/eks-bergheim.de\/?page_id=517","og_locale":"de_DE","og_type":"article","og_title":"Infos f\u00fcr Sch\u00fcler - Erich K\u00e4stner Schule Bergheim","og_description":"Liebe Sch\u00fcler, &nbsp; Wir unterliegen der Schweigepflicht, d.h. dass wir von den Themen, die wir miteinander besprechen KEINEM etwas erz\u00e4hlen d\u00fcrfen- weder einem Lehrer noch Euren Eltern. &nbsp; Wir sind Ansprechpartner bei folgenden Anliegen oder Problemen: Schulische Probleme, z.B. schlechte Noten in einem Schulfach,kein Geld f\u00fcr Klassenfahrten\/Ausfl\u00fcge\/Mensaessen oder Materialien f\u00fcr die Schule,Unwohlsein in der Schule &hellip; Weiterlesen","og_url":"http:\/\/eks-bergheim.de\/?page_id=517","og_site_name":"Erich K\u00e4stner Schule Bergheim","article_modified_time":"2016-02-10T11:30:54+00:00","twitter_card":"summary_large_image","twitter_misc":{"Gesch\u00e4tzte Lesezeit":"1\u00a0Minute"},"schema":{"@context":"https:\/\/schema.org","@graph":[{"@type":"WebPage","@id":"http:\/\/eks-bergheim.de\/?page_id=517","url":"http:\/\/eks-bergheim.de\/?page_id=517","name":"Infos f\u00fcr Sch\u00fcler - Erich K\u00e4stner Schule Bergheim","isPartOf":{"@id":"http:\/\/eks-bergheim.de\/#website"},"datePublished":"2011-10-26T09:22:07+00:00","dateModified":"2016-02-10T11:30:54+00:00","breadcrumb":{"@id":"http:\/\/eks-bergheim.de\/?page_id=517#breadcrumb"},"inLanguage":"de","potentialAction":[{"@type":"ReadAction","target":["http:\/\/eks-bergheim.de\/?page_id=517"]}]},{"@type":"BreadcrumbList","@id":"http:\/\/eks-bergheim.de\/?page_id=517#breadcrumb","itemListElement":[{"@type":"ListItem","position":1,"name":"Startseite","item":"http:\/\/eks-bergheim.de\/"},{"@type":"ListItem","position":2,"name":"Wer ist wer?","item":"http:\/\/eks-bergheim.de\/?page_id=19"},{"@type":"ListItem","position":3,"name":"Schulsozialarbeit","item":"http:\/\/eks-bergheim.de\/?page_id=1492"},{"@type":"ListItem","position":4,"name":"Infos f\u00fcr Sch\u00fcler"}]},{"@type":"WebSite","@id":"http:\/\/eks-bergheim.de\/#website","url":"http:\/\/eks-bergheim.de\/","name":"Erich K\u00e4stner Schule Bergheim","description":"","potentialAction":[{"@type":"SearchAction","target":{"@type":"EntryPoint","urlTemplate":"http:\/\/eks-bergheim.de\/?s={search_term_string}"},"query-input":{"@type":"PropertyValueSpecification","valueRequired":true,"valueName":"search_term_string"}}],"inLanguage":"de"}]}},"_links":{"self":[{"href":"https:\/\/eks-bergheim.de\/index.php?rest_route=\/wp\/v2\/pages\/517","targetHints":{"allow":["GET"]}}],"collection":[{"href":"https:\/\/eks-bergheim.de\/index.php?rest_route=\/wp\/v2\/pages"}],"about":[{"href":"https:\/\/eks-bergheim.de\/index.php?rest_route=\/wp\/v2\/types\/page"}],"author":[{"embeddable":true,"href":"https:\/\/eks-bergheim.de\/index.php?rest_route=\/wp\/v2\/users\/1"}],"replies":[{"embeddable":true,"href":"https:\/\/eks-bergheim.de\/index.php?rest_route=%2Fwp%2Fv2%2Fcomments&post=517"}],"version-history":[{"count":13,"href":"https:\/\/eks-bergheim.de\/index.php?rest_route=\/wp\/v2\/pages\/517\/revisions"}],"predecessor-version":[{"id":4334,"href":"https:\/\/eks-bergheim.de\/index.php?rest_route=\/wp\/v2\/pages\/517\/revisions\/4334"}],"up":[{"embeddable":true,"href":"https:\/\/eks-bergheim.de\/index.php?rest_route=\/wp\/v2\/pages\/1492"}],"wp:attachment":[{"href":"https:\/\/eks-bergheim.de\/index.php?rest_route=%2Fwp%2Fv2%2Fmedia&parent=517"}],"curies":[{"name":"wp","href":"https:\/\/api.w.org\/{rel}","templated":true}]}}