{"id":523,"date":"2011-10-26T09:28:49","date_gmt":"2011-10-26T09:28:49","guid":{"rendered":"http:\/\/wp10652880.wp159.webpack.hosteurope.de\/?page_id=523"},"modified":"2012-12-10T11:24:15","modified_gmt":"2012-12-10T11:24:15","slug":"infos-fur-eltern","status":"publish","type":"page","link":"https:\/\/eks-bergheim.de\/?page_id=523","title":{"rendered":"Infos f\u00fcr Eltern"},"content":{"rendered":"<p>Liebe Eltern,<\/p>\n<p>Sie k\u00f6nnen uns jederzeit bei Problemen und\/oder Fragen ansprechen. Wir sind t\u00e4glich von 8.00 bis 16.00 Uhr\u00a0an der Schule telefonisch unter\u00a0der Nummer 02271\/9903548 zu erreichen.\u00a0Gerne sind wir bereit einen Gespr\u00e4chstermin mit Ihnen zu vereinbaren. Alles was\u00a0Sie uns mitteilen unterliegt der Schweigepflicht.<\/p>\n<p>&nbsp;<\/p>\n<p><strong>Anliegen und Probleme<\/strong> k\u00f6nnen sein:<\/p>\n<ul>\n<li>Ihr\u00a0Kind schw\u00e4nzt die Schule<\/li>\n<li>die Erziehung Ihres Kindes gestaltet sich schwierig<\/li>\n<li>Sie machen sich Sorgen um Ihr Kind<\/li>\n<li>Ihr Kind wird in der Schule gemobbt<\/li>\n<li>Ihr Kind hat schulische Probleme<\/li>\n<li>Sie haben Probleme mit Ihrem Partner\/in<\/li>\n<li>Sie\u00a0sind getrennt oder geschieden<\/li>\n<li>Sie leben in einer Patchworkfamilie<\/li>\n<li>es gibt Gewalt in der Familie<\/li>\n<li>Sie haben Schwierigkeiten beim Ausf\u00fcllen von Antr\u00e4gen (z.B. f\u00fcr Essensgeld, Schulmaterial\u00a0etc.)<\/li>\n<\/ul>\n<p>&nbsp;<\/p>\n<p>Wir k\u00f6nnen Sie <strong>unterst\u00fctzen<\/strong> durch:<\/p>\n<ul>\n<li>Zuh\u00f6ren<\/li>\n<li>Austausch<\/li>\n<li>Beratung<\/li>\n<li>enge Kooperation bei schulischen Problemen Ihres Kindes<\/li>\n<li>Informieren<\/li>\n<li>bei bestimmten Anliegen Weitervermittlung an entsprechende Beratungsstellen\/Institutionen<\/li>\n<li>auf Wunsch Begleitung zu Beratungsstellen\/Institutionen<\/li>\n<\/ul>\n<p>&nbsp;<\/p>\n<p>Bei sprachlichen Schwierigkeiten k\u00f6nnen Sie gerne jemanden zum \u00dcbersetzen mit zum Gespr\u00e4ch bringen.\u00a0Gegebenenfalls k\u00f6nnen wir einen \u00dcbersetzer stellen.<\/p>\n<p>&nbsp;<\/p>\n<p>&nbsp;<\/p>\n<p>&nbsp;<\/p>\n","protected":false},"excerpt":{"rendered":"<p>Liebe Eltern, Sie k\u00f6nnen uns jederzeit bei Problemen und\/oder Fragen ansprechen. Wir sind t\u00e4glich von 8.00 bis 16.00 Uhr\u00a0an der Schule telefonisch unter\u00a0der Nummer 02271\/9903548 zu erreichen.\u00a0Gerne sind wir bereit einen Gespr\u00e4chstermin mit Ihnen zu vereinbaren. Alles was\u00a0Sie uns mitteilen unterliegt der Schweigepflicht. &nbsp; Anliegen und Probleme k\u00f6nnen sein: Ihr\u00a0Kind schw\u00e4nzt die Schule die Erziehung &hellip; <\/p>\n<p><a class=\"more-link btn\" href=\"https:\/\/eks-bergheim.de\/?page_id=523\">Weiterlesen<\/a><\/p>\n","protected":false},"author":1,"featured_media":0,"parent":1492,"menu_order":3,"comment_status":"open","ping_status":"open","template":"template-onecolumn.php","meta":{"footnotes":""},"class_list":["post-523","page","type-page","status-publish","hentry","nodate","item-wrap"],"yoast_head":"<!-- This site is optimized with the Yoast SEO plugin v26.6 - https:\/\/yoast.com\/wordpress\/plugins\/seo\/ -->\n<title>Infos f\u00fcr Eltern - Erich K\u00e4stner Schule Bergheim<\/title>\n<meta name=\"robots\" content=\"index, follow, max-snippet:-1, max-image-preview:large, max-video-preview:-1\" \/>\n<link rel=\"canonical\" href=\"https:\/\/eks-bergheim.de\/?page_id=523\" \/>\n<meta property=\"og:locale\" content=\"de_DE\" \/>\n<meta property=\"og:type\" content=\"article\" \/>\n<meta property=\"og:title\" content=\"Infos f\u00fcr Eltern - Erich K\u00e4stner Schule Bergheim\" \/>\n<meta property=\"og:description\" content=\"Liebe Eltern, Sie k\u00f6nnen uns jederzeit bei Problemen und\/oder Fragen ansprechen. Wir sind t\u00e4glich von 8.00 bis 16.00 Uhr\u00a0an der Schule telefonisch unter\u00a0der Nummer 02271\/9903548 zu erreichen.\u00a0Gerne sind wir bereit einen Gespr\u00e4chstermin mit Ihnen zu vereinbaren. Alles was\u00a0Sie uns mitteilen unterliegt der Schweigepflicht. &nbsp; Anliegen und Probleme k\u00f6nnen sein: Ihr\u00a0Kind schw\u00e4nzt die Schule die Erziehung &hellip; Weiterlesen\" \/>\n<meta property=\"og:url\" content=\"https:\/\/eks-bergheim.de\/?page_id=523\" \/>\n<meta property=\"og:site_name\" content=\"Erich K\u00e4stner Schule Bergheim\" \/>\n<meta property=\"article:modified_time\" content=\"2012-12-10T11:24:15+00:00\" \/>\n<meta name=\"twitter:card\" content=\"summary_large_image\" \/>\n<meta name=\"twitter:label1\" content=\"Gesch\u00e4tzte Lesezeit\" \/>\n\t<meta name=\"twitter:data1\" content=\"1\u00a0Minute\" \/>\n<script type=\"application\/ld+json\" class=\"yoast-schema-graph\">{\"@context\":\"https:\/\/schema.org\",\"@graph\":[{\"@type\":\"WebPage\",\"@id\":\"https:\/\/eks-bergheim.de\/?page_id=523\",\"url\":\"https:\/\/eks-bergheim.de\/?page_id=523\",\"name\":\"Infos f\u00fcr Eltern - Erich K\u00e4stner Schule Bergheim\",\"isPartOf\":{\"@id\":\"https:\/\/eks-bergheim.de\/#website\"},\"datePublished\":\"2011-10-26T09:28:49+00:00\",\"dateModified\":\"2012-12-10T11:24:15+00:00\",\"breadcrumb\":{\"@id\":\"https:\/\/eks-bergheim.de\/?page_id=523#breadcrumb\"},\"inLanguage\":\"de\",\"potentialAction\":[{\"@type\":\"ReadAction\",\"target\":[\"https:\/\/eks-bergheim.de\/?page_id=523\"]}]},{\"@type\":\"BreadcrumbList\",\"@id\":\"https:\/\/eks-bergheim.de\/?page_id=523#breadcrumb\",\"itemListElement\":[{\"@type\":\"ListItem\",\"position\":1,\"name\":\"Startseite\",\"item\":\"https:\/\/eks-bergheim.de\/\"},{\"@type\":\"ListItem\",\"position\":2,\"name\":\"Wer ist wer?\",\"item\":\"http:\/\/eks-bergheim.de\/?page_id=19\"},{\"@type\":\"ListItem\",\"position\":3,\"name\":\"Schulsozialarbeit\",\"item\":\"http:\/\/eks-bergheim.de\/?page_id=1492\"},{\"@type\":\"ListItem\",\"position\":4,\"name\":\"Infos f\u00fcr Eltern\"}]},{\"@type\":\"WebSite\",\"@id\":\"https:\/\/eks-bergheim.de\/#website\",\"url\":\"https:\/\/eks-bergheim.de\/\",\"name\":\"Erich K\u00e4stner Schule Bergheim\",\"description\":\"\",\"potentialAction\":[{\"@type\":\"SearchAction\",\"target\":{\"@type\":\"EntryPoint\",\"urlTemplate\":\"https:\/\/eks-bergheim.de\/?s={search_term_string}\"},\"query-input\":{\"@type\":\"PropertyValueSpecification\",\"valueRequired\":true,\"valueName\":\"search_term_string\"}}],\"inLanguage\":\"de\"}]}<\/script>\n<!-- \/ Yoast SEO plugin. -->","yoast_head_json":{"title":"Infos f\u00fcr Eltern - Erich K\u00e4stner Schule Bergheim","robots":{"index":"index","follow":"follow","max-snippet":"max-snippet:-1","max-image-preview":"max-image-preview:large","max-video-preview":"max-video-preview:-1"},"canonical":"https:\/\/eks-bergheim.de\/?page_id=523","og_locale":"de_DE","og_type":"article","og_title":"Infos f\u00fcr Eltern - Erich K\u00e4stner Schule Bergheim","og_description":"Liebe Eltern, Sie k\u00f6nnen uns jederzeit bei Problemen und\/oder Fragen ansprechen. Wir sind t\u00e4glich von 8.00 bis 16.00 Uhr\u00a0an der Schule telefonisch unter\u00a0der Nummer 02271\/9903548 zu erreichen.\u00a0Gerne sind wir bereit einen Gespr\u00e4chstermin mit Ihnen zu vereinbaren. Alles was\u00a0Sie uns mitteilen unterliegt der Schweigepflicht. &nbsp; Anliegen und Probleme k\u00f6nnen sein: Ihr\u00a0Kind schw\u00e4nzt die Schule die Erziehung &hellip; Weiterlesen","og_url":"https:\/\/eks-bergheim.de\/?page_id=523","og_site_name":"Erich K\u00e4stner Schule Bergheim","article_modified_time":"2012-12-10T11:24:15+00:00","twitter_card":"summary_large_image","twitter_misc":{"Gesch\u00e4tzte Lesezeit":"1\u00a0Minute"},"schema":{"@context":"https:\/\/schema.org","@graph":[{"@type":"WebPage","@id":"https:\/\/eks-bergheim.de\/?page_id=523","url":"https:\/\/eks-bergheim.de\/?page_id=523","name":"Infos f\u00fcr Eltern - Erich K\u00e4stner Schule Bergheim","isPartOf":{"@id":"https:\/\/eks-bergheim.de\/#website"},"datePublished":"2011-10-26T09:28:49+00:00","dateModified":"2012-12-10T11:24:15+00:00","breadcrumb":{"@id":"https:\/\/eks-bergheim.de\/?page_id=523#breadcrumb"},"inLanguage":"de","potentialAction":[{"@type":"ReadAction","target":["https:\/\/eks-bergheim.de\/?page_id=523"]}]},{"@type":"BreadcrumbList","@id":"https:\/\/eks-bergheim.de\/?page_id=523#breadcrumb","itemListElement":[{"@type":"ListItem","position":1,"name":"Startseite","item":"https:\/\/eks-bergheim.de\/"},{"@type":"ListItem","position":2,"name":"Wer ist wer?","item":"http:\/\/eks-bergheim.de\/?page_id=19"},{"@type":"ListItem","position":3,"name":"Schulsozialarbeit","item":"http:\/\/eks-bergheim.de\/?page_id=1492"},{"@type":"ListItem","position":4,"name":"Infos f\u00fcr Eltern"}]},{"@type":"WebSite","@id":"https:\/\/eks-bergheim.de\/#website","url":"https:\/\/eks-bergheim.de\/","name":"Erich K\u00e4stner Schule Bergheim","description":"","potentialAction":[{"@type":"SearchAction","target":{"@type":"EntryPoint","urlTemplate":"https:\/\/eks-bergheim.de\/?s={search_term_string}"},"query-input":{"@type":"PropertyValueSpecification","valueRequired":true,"valueName":"search_term_string"}}],"inLanguage":"de"}]}},"_links":{"self":[{"href":"https:\/\/eks-bergheim.de\/index.php?rest_route=\/wp\/v2\/pages\/523","targetHints":{"allow":["GET"]}}],"collection":[{"href":"https:\/\/eks-bergheim.de\/index.php?rest_route=\/wp\/v2\/pages"}],"about":[{"href":"https:\/\/eks-bergheim.de\/index.php?rest_route=\/wp\/v2\/types\/page"}],"author":[{"embeddable":true,"href":"https:\/\/eks-bergheim.de\/index.php?rest_route=\/wp\/v2\/users\/1"}],"replies":[{"embeddable":true,"href":"https:\/\/eks-bergheim.de\/index.php?rest_route=%2Fwp%2Fv2%2Fcomments&post=523"}],"version-history":[{"count":5,"href":"https:\/\/eks-bergheim.de\/index.php?rest_route=\/wp\/v2\/pages\/523\/revisions"}],"predecessor-version":[{"id":1496,"href":"https:\/\/eks-bergheim.de\/index.php?rest_route=\/wp\/v2\/pages\/523\/revisions\/1496"}],"up":[{"embeddable":true,"href":"https:\/\/eks-bergheim.de\/index.php?rest_route=\/wp\/v2\/pages\/1492"}],"wp:attachment":[{"href":"https:\/\/eks-bergheim.de\/index.php?rest_route=%2Fwp%2Fv2%2Fmedia&parent=523"}],"curies":[{"name":"wp","href":"https:\/\/api.w.org\/{rel}","templated":true}]}}