{"id":525,"date":"2011-10-26T09:29:15","date_gmt":"2011-10-26T09:29:15","guid":{"rendered":"http:\/\/wp10652880.wp159.webpack.hosteurope.de\/?page_id=525"},"modified":"2022-10-18T10:00:02","modified_gmt":"2022-10-18T10:00:02","slug":"aktuelle-termine","status":"publish","type":"page","link":"https:\/\/eks-bergheim.de\/?page_id=525","title":{"rendered":"Wir \u00fcber uns"},"content":{"rendered":"<h1><\/h1>\n<h1><\/h1>\n<h5><a href=\"http:\/\/wp10652880.server-he.de\/wp-content\/uploads\/2020\/11\/frinken.jpg\"><img loading=\"lazy\" decoding=\"async\" class=\"alignleft size-medium wp-image-7912\" src=\"http:\/\/wp10652880.server-he.de\/wp-content\/uploads\/2020\/11\/frinken-198x300.jpg\" alt=\"\" width=\"198\" height=\"300\" srcset=\"https:\/\/eks-bergheim.de\/wp-content\/uploads\/2020\/11\/frinken-198x300.jpg 198w, https:\/\/eks-bergheim.de\/wp-content\/uploads\/2020\/11\/frinken-768x1166.jpg 768w, https:\/\/eks-bergheim.de\/wp-content\/uploads\/2020\/11\/frinken-674x1024.jpg 674w, https:\/\/eks-bergheim.de\/wp-content\/uploads\/2020\/11\/frinken.jpg 843w\" sizes=\"auto, (max-width: 198px) 100vw, 198px\" \/><\/a><strong>\u00a0Yvonne Frinken<\/strong><\/h5>\n<h5>Sozialarbeiterin \/Sozialp\u00e4dagogin B.A.<\/h5>\n<p>Hauptansprechpartnerin f\u00fcr Sch\u00fcler der Stufen 5, 7 und 9<\/p>\n<p>an der EKS seit Februar 2011<\/p>\n<p>E-Mail: <a href=\"mailto:eks.schulsozialarbeit.turin@googlemail.com\">eks.schulsozialarbeit.frinken@gmail.com<\/a><\/p>\n<p>erreichbar unter 02271\/ 9903548<\/p>\n<p>Anwesenheit:<\/p>\n<p>Donnerstag\u00a0 \u00a0 \u00a0 08:00- 16:00 Uhr<\/p>\n<p><a href=\"http:\/\/wp10652880.server-he.de\/wp-content\/uploads\/2020\/11\/v\u00f6lkle.jpg\"><img loading=\"lazy\" decoding=\"async\" class=\"size-medium wp-image-7921 alignleft\" src=\"http:\/\/wp10652880.server-he.de\/wp-content\/uploads\/2020\/11\/v\u00f6lkle-248x300.jpg\" alt=\"\" width=\"248\" height=\"300\" srcset=\"https:\/\/eks-bergheim.de\/wp-content\/uploads\/2020\/11\/v\u00f6lkle-248x300.jpg 248w, https:\/\/eks-bergheim.de\/wp-content\/uploads\/2020\/11\/v\u00f6lkle.jpg 622w\" sizes=\"auto, (max-width: 248px) 100vw, 248px\" \/><\/a><strong>Michael V\u00f6lkle<\/strong><\/p>\n<p>E-Mail: <a href=\"mailto:michael.voelkle@bergheim.de\" target=\"_blank\" rel=\"noopener noreferrer\">michael.voelkle@bergheim.de<\/a><\/p>\n<p>erreichbar unter <b>0160 \u2013 319 36 96 <\/b><\/p>\n<h5><\/h5>\n<p>Anwesenheit<\/p>\n<p>Montag bis Freitag 8:30 Uhr bis 14:30 Uhr<\/p>\n<h4><\/h4>\n<p><a href=\"http:\/\/wp10652880.server-he.de\/wp-content\/uploads\/2017\/06\/4550233.png\"><img loading=\"lazy\" decoding=\"async\" class=\" size-medium wp-image-5462 alignleft\" src=\"http:\/\/wp10652880.server-he.de\/wp-content\/uploads\/2017\/06\/4550233-200x300.png\" alt=\"4550233\" width=\"200\" height=\"300\" srcset=\"https:\/\/eks-bergheim.de\/wp-content\/uploads\/2017\/06\/4550233-200x300.png 200w, https:\/\/eks-bergheim.de\/wp-content\/uploads\/2017\/06\/4550233.png 400w\" sizes=\"auto, (max-width: 200px) 100vw, 200px\" \/><\/a><\/p>\n<p style=\"text-align: center;\"><strong>Nahid Aslany<\/strong><\/p>\n<p style=\"text-align: center;\">Interkulturelle Bildung und Beratung B.A.<\/p>\n<p style=\"text-align: center;\">Fachkraft f\u00fcr Integration<\/p>\n<p style=\"text-align: center;\">Ansprechpartnerin f\u00fcr neue zugewanderte Sch\u00fcler<\/p>\n<p style=\"text-align: center;\">E-Mail: <span style=\"color: #3366ff; text-decoration: underline;\">eks.nahidaslany@gmail.com<\/span><\/p>\n<p style=\"text-align: center;\">\u00a0erreichbar unter 0176 45814847<\/p>\n","protected":false},"excerpt":{"rendered":"<p>\u00a0Yvonne Frinken Sozialarbeiterin \/Sozialp\u00e4dagogin B.A. Hauptansprechpartnerin f\u00fcr Sch\u00fcler der Stufen 5, 7 und 9 an der EKS seit Februar 2011 E-Mail: eks.schulsozialarbeit.frinken@gmail.com erreichbar unter 02271\/ 9903548 Anwesenheit: Donnerstag\u00a0 \u00a0 \u00a0 08:00- 16:00 Uhr Michael V\u00f6lkle E-Mail: michael.voelkle@bergheim.de erreichbar unter 0160 \u2013 319 36 96 Anwesenheit Montag bis Freitag 8:30 Uhr bis 14:30 Uhr Nahid Aslany &hellip; <\/p>\n<p><a class=\"more-link btn\" href=\"https:\/\/eks-bergheim.de\/?page_id=525\">Weiterlesen<\/a><\/p>\n","protected":false},"author":1,"featured_media":0,"parent":1492,"menu_order":1,"comment_status":"open","ping_status":"open","template":"","meta":{"footnotes":""},"class_list":["post-525","page","type-page","status-publish","hentry","nodate","item-wrap"],"yoast_head":"<!-- This site is optimized with the Yoast SEO plugin v26.6 - https:\/\/yoast.com\/wordpress\/plugins\/seo\/ -->\n<title>Wir \u00fcber uns - Erich K\u00e4stner Schule Bergheim<\/title>\n<meta name=\"robots\" content=\"index, follow, max-snippet:-1, max-image-preview:large, max-video-preview:-1\" \/>\n<link rel=\"canonical\" href=\"http:\/\/eks-bergheim.de\/?page_id=525\" \/>\n<meta property=\"og:locale\" content=\"de_DE\" \/>\n<meta property=\"og:type\" content=\"article\" \/>\n<meta property=\"og:title\" content=\"Wir \u00fcber uns - Erich K\u00e4stner Schule Bergheim\" \/>\n<meta property=\"og:description\" content=\"\u00a0Yvonne Frinken Sozialarbeiterin \/Sozialp\u00e4dagogin B.A. Hauptansprechpartnerin f\u00fcr Sch\u00fcler der Stufen 5, 7 und 9 an der EKS seit Februar 2011 E-Mail: eks.schulsozialarbeit.frinken@gmail.com erreichbar unter 02271\/ 9903548 Anwesenheit: Donnerstag\u00a0 \u00a0 \u00a0 08:00- 16:00 Uhr Michael V\u00f6lkle E-Mail: michael.voelkle@bergheim.de erreichbar unter 0160 \u2013 319 36 96 Anwesenheit Montag bis Freitag 8:30 Uhr bis 14:30 Uhr Nahid Aslany &hellip; Weiterlesen\" \/>\n<meta property=\"og:url\" content=\"http:\/\/eks-bergheim.de\/?page_id=525\" \/>\n<meta property=\"og:site_name\" content=\"Erich K\u00e4stner Schule Bergheim\" \/>\n<meta property=\"article:modified_time\" content=\"2022-10-18T10:00:02+00:00\" \/>\n<meta property=\"og:image\" content=\"http:\/\/wp10652880.server-he.de\/wp-content\/uploads\/2020\/11\/frinken-198x300.jpg\" \/>\n<meta name=\"twitter:card\" content=\"summary_large_image\" \/>\n<meta name=\"twitter:label1\" content=\"Gesch\u00e4tzte Lesezeit\" \/>\n\t<meta name=\"twitter:data1\" content=\"1\u00a0Minute\" \/>\n<script type=\"application\/ld+json\" class=\"yoast-schema-graph\">{\"@context\":\"https:\/\/schema.org\",\"@graph\":[{\"@type\":\"WebPage\",\"@id\":\"http:\/\/eks-bergheim.de\/?page_id=525\",\"url\":\"http:\/\/eks-bergheim.de\/?page_id=525\",\"name\":\"Wir \u00fcber uns - Erich K\u00e4stner Schule Bergheim\",\"isPartOf\":{\"@id\":\"https:\/\/eks-bergheim.de\/#website\"},\"primaryImageOfPage\":{\"@id\":\"http:\/\/eks-bergheim.de\/?page_id=525#primaryimage\"},\"image\":{\"@id\":\"http:\/\/eks-bergheim.de\/?page_id=525#primaryimage\"},\"thumbnailUrl\":\"http:\/\/wp10652880.server-he.de\/wp-content\/uploads\/2020\/11\/frinken-198x300.jpg\",\"datePublished\":\"2011-10-26T09:29:15+00:00\",\"dateModified\":\"2022-10-18T10:00:02+00:00\",\"breadcrumb\":{\"@id\":\"http:\/\/eks-bergheim.de\/?page_id=525#breadcrumb\"},\"inLanguage\":\"de\",\"potentialAction\":[{\"@type\":\"ReadAction\",\"target\":[\"http:\/\/eks-bergheim.de\/?page_id=525\"]}]},{\"@type\":\"ImageObject\",\"inLanguage\":\"de\",\"@id\":\"http:\/\/eks-bergheim.de\/?page_id=525#primaryimage\",\"url\":\"http:\/\/wp10652880.server-he.de\/wp-content\/uploads\/2020\/11\/frinken-198x300.jpg\",\"contentUrl\":\"http:\/\/wp10652880.server-he.de\/wp-content\/uploads\/2020\/11\/frinken-198x300.jpg\"},{\"@type\":\"BreadcrumbList\",\"@id\":\"http:\/\/eks-bergheim.de\/?page_id=525#breadcrumb\",\"itemListElement\":[{\"@type\":\"ListItem\",\"position\":1,\"name\":\"Startseite\",\"item\":\"https:\/\/eks-bergheim.de\/\"},{\"@type\":\"ListItem\",\"position\":2,\"name\":\"Wer ist wer?\",\"item\":\"http:\/\/eks-bergheim.de\/?page_id=19\"},{\"@type\":\"ListItem\",\"position\":3,\"name\":\"Schulsozialarbeit\",\"item\":\"http:\/\/eks-bergheim.de\/?page_id=1492\"},{\"@type\":\"ListItem\",\"position\":4,\"name\":\"Wir \u00fcber uns\"}]},{\"@type\":\"WebSite\",\"@id\":\"https:\/\/eks-bergheim.de\/#website\",\"url\":\"https:\/\/eks-bergheim.de\/\",\"name\":\"Erich K\u00e4stner Schule Bergheim\",\"description\":\"\",\"potentialAction\":[{\"@type\":\"SearchAction\",\"target\":{\"@type\":\"EntryPoint\",\"urlTemplate\":\"https:\/\/eks-bergheim.de\/?s={search_term_string}\"},\"query-input\":{\"@type\":\"PropertyValueSpecification\",\"valueRequired\":true,\"valueName\":\"search_term_string\"}}],\"inLanguage\":\"de\"}]}<\/script>\n<!-- \/ Yoast SEO plugin. -->","yoast_head_json":{"title":"Wir \u00fcber uns - Erich K\u00e4stner Schule Bergheim","robots":{"index":"index","follow":"follow","max-snippet":"max-snippet:-1","max-image-preview":"max-image-preview:large","max-video-preview":"max-video-preview:-1"},"canonical":"http:\/\/eks-bergheim.de\/?page_id=525","og_locale":"de_DE","og_type":"article","og_title":"Wir \u00fcber uns - Erich K\u00e4stner Schule Bergheim","og_description":"\u00a0Yvonne Frinken Sozialarbeiterin \/Sozialp\u00e4dagogin B.A. Hauptansprechpartnerin f\u00fcr Sch\u00fcler der Stufen 5, 7 und 9 an der EKS seit Februar 2011 E-Mail: eks.schulsozialarbeit.frinken@gmail.com erreichbar unter 02271\/ 9903548 Anwesenheit: Donnerstag\u00a0 \u00a0 \u00a0 08:00- 16:00 Uhr Michael V\u00f6lkle E-Mail: michael.voelkle@bergheim.de erreichbar unter 0160 \u2013 319 36 96 Anwesenheit Montag bis Freitag 8:30 Uhr bis 14:30 Uhr Nahid Aslany &hellip; Weiterlesen","og_url":"http:\/\/eks-bergheim.de\/?page_id=525","og_site_name":"Erich K\u00e4stner Schule Bergheim","article_modified_time":"2022-10-18T10:00:02+00:00","og_image":[{"url":"http:\/\/wp10652880.server-he.de\/wp-content\/uploads\/2020\/11\/frinken-198x300.jpg","type":"","width":"","height":""}],"twitter_card":"summary_large_image","twitter_misc":{"Gesch\u00e4tzte Lesezeit":"1\u00a0Minute"},"schema":{"@context":"https:\/\/schema.org","@graph":[{"@type":"WebPage","@id":"http:\/\/eks-bergheim.de\/?page_id=525","url":"http:\/\/eks-bergheim.de\/?page_id=525","name":"Wir \u00fcber uns - Erich K\u00e4stner Schule Bergheim","isPartOf":{"@id":"https:\/\/eks-bergheim.de\/#website"},"primaryImageOfPage":{"@id":"http:\/\/eks-bergheim.de\/?page_id=525#primaryimage"},"image":{"@id":"http:\/\/eks-bergheim.de\/?page_id=525#primaryimage"},"thumbnailUrl":"http:\/\/wp10652880.server-he.de\/wp-content\/uploads\/2020\/11\/frinken-198x300.jpg","datePublished":"2011-10-26T09:29:15+00:00","dateModified":"2022-10-18T10:00:02+00:00","breadcrumb":{"@id":"http:\/\/eks-bergheim.de\/?page_id=525#breadcrumb"},"inLanguage":"de","potentialAction":[{"@type":"ReadAction","target":["http:\/\/eks-bergheim.de\/?page_id=525"]}]},{"@type":"ImageObject","inLanguage":"de","@id":"http:\/\/eks-bergheim.de\/?page_id=525#primaryimage","url":"http:\/\/wp10652880.server-he.de\/wp-content\/uploads\/2020\/11\/frinken-198x300.jpg","contentUrl":"http:\/\/wp10652880.server-he.de\/wp-content\/uploads\/2020\/11\/frinken-198x300.jpg"},{"@type":"BreadcrumbList","@id":"http:\/\/eks-bergheim.de\/?page_id=525#breadcrumb","itemListElement":[{"@type":"ListItem","position":1,"name":"Startseite","item":"https:\/\/eks-bergheim.de\/"},{"@type":"ListItem","position":2,"name":"Wer ist wer?","item":"http:\/\/eks-bergheim.de\/?page_id=19"},{"@type":"ListItem","position":3,"name":"Schulsozialarbeit","item":"http:\/\/eks-bergheim.de\/?page_id=1492"},{"@type":"ListItem","position":4,"name":"Wir \u00fcber uns"}]},{"@type":"WebSite","@id":"https:\/\/eks-bergheim.de\/#website","url":"https:\/\/eks-bergheim.de\/","name":"Erich K\u00e4stner Schule Bergheim","description":"","potentialAction":[{"@type":"SearchAction","target":{"@type":"EntryPoint","urlTemplate":"https:\/\/eks-bergheim.de\/?s={search_term_string}"},"query-input":{"@type":"PropertyValueSpecification","valueRequired":true,"valueName":"search_term_string"}}],"inLanguage":"de"}]}},"_links":{"self":[{"href":"https:\/\/eks-bergheim.de\/index.php?rest_route=\/wp\/v2\/pages\/525","targetHints":{"allow":["GET"]}}],"collection":[{"href":"https:\/\/eks-bergheim.de\/index.php?rest_route=\/wp\/v2\/pages"}],"about":[{"href":"https:\/\/eks-bergheim.de\/index.php?rest_route=\/wp\/v2\/types\/page"}],"author":[{"embeddable":true,"href":"https:\/\/eks-bergheim.de\/index.php?rest_route=\/wp\/v2\/users\/1"}],"replies":[{"embeddable":true,"href":"https:\/\/eks-bergheim.de\/index.php?rest_route=%2Fwp%2Fv2%2Fcomments&post=525"}],"version-history":[{"count":29,"href":"https:\/\/eks-bergheim.de\/index.php?rest_route=\/wp\/v2\/pages\/525\/revisions"}],"predecessor-version":[{"id":8836,"href":"https:\/\/eks-bergheim.de\/index.php?rest_route=\/wp\/v2\/pages\/525\/revisions\/8836"}],"up":[{"embeddable":true,"href":"https:\/\/eks-bergheim.de\/index.php?rest_route=\/wp\/v2\/pages\/1492"}],"wp:attachment":[{"href":"https:\/\/eks-bergheim.de\/index.php?rest_route=%2Fwp%2Fv2%2Fmedia&parent=525"}],"curies":[{"name":"wp","href":"https:\/\/api.w.org\/{rel}","templated":true}]}}