{"id":53,"date":"2011-10-07T11:08:56","date_gmt":"2011-10-07T11:08:56","guid":{"rendered":"http:\/\/wp10652880.wp159.webpack.hosteurope.de\/?page_id=53"},"modified":"2022-09-21T10:06:18","modified_gmt":"2022-09-21T10:06:18","slug":"schule-mit-programm","status":"publish","type":"page","link":"https:\/\/eks-bergheim.de\/?page_id=53","title":{"rendered":"Schule mit Programm"},"content":{"rendered":"<p><strong>Unser Leitgedanke \u2013 Vielfalt leben, Perspektiven geben<\/strong><\/p>\n<p>Unsere Gesellschaft und mit ihr unsere Bildungslandschaft haben sich in den letzten Jahrzehnten in einem atemberaubenden Tempo entwickelt. Vorbei ist die Zeit, in der Schulen einer homogenen Sch\u00fclerschaft ein weitgehend einheitliches Curriculum zu vermitteln hatten. Heute steht unsere Schule f\u00fcr eine Vielfalt, die vor einigen Jahren noch undenkbar war. Bedingt durch geopolitische Umw\u00e4lzungen und die \u00d6ffnung Europas lernen an unserer Schule Kinder aus vielen Nationen in vier Kontinenten. Unterschiedliche Kulturen und Religionen leben und arbeiten unter einem Dach. Viele unserer Sch\u00fclerinnen und Sch\u00fcler sind keine deutschen Muttersprachler, einige erst seit wenigen Jahren hier und st\u00e4ndig kommen neue hinzu. Wir haben Sch\u00fcler ohne Entwicklungsbedarf und solche mit Unterst\u00fctzungsbedarf in den unterschiedlichsten Bereichen. So verschieden unsere Sch\u00fclerinnen und Sch\u00fcler auch sind, allen gemeinsam ist ihr Recht auf Bildung und wir wollen mit unserem Bildungsangebot allen gerecht werden. Es ist unser Anspruch, unseren Sch\u00fclern zu einer aktiven Teilhabe am gesellschaftlichen Leben zu verhelfen. Dazu geh\u00f6rt nicht nur, sie f\u00fcr einen Ausbildungsberuf fit zu machen, sondern auch die F\u00f6rderung\u00a0 freiheitlicher Werte wie Toleranz und Demokratie. Daher unser Leitgedanke: Vielfalt leben, Perspektiven geben.<\/p>\n<p>Vielfalt leben bedeutet f\u00fcr uns, die \u201ekulturellen Mischung\u201c positiv aufzugreifen. Jede Kultur hat ihre Vorz\u00fcge und verdient es, auch im Alltag beachtet, respektiert und anerkannt zu werden. Vielfalt bedeutet auch, dass nicht jede Sch\u00fclerin oder jeder Sch\u00fcler gleich lernt, gleich viel kann oder wei\u00df. Aber unabh\u00e4ngig von der pers\u00f6nlichen Ausgangssituation ist unser Ziel, dass die Sch\u00fclerinnen und Sch\u00fcler von- und miteinander lernen. Wir wollen sie motivieren, sich Ziele zu setzen und\u00a0 Herausforderungen zu meistern.<\/p>\n<p>Wir geben Perspektiven: Jede Sch\u00fclerin und jeder Sch\u00fcler verfolgt am Ende der Sekundarstufe ein individuelles Ziel. Manche m\u00f6chten in eine Ausbildung gehen, andere wiederum m\u00f6chten weiter die Schule besuchen, um einen h\u00f6heren Abschluss zu erlangen. Unsere Aufgabe sehen wir darin, die Sch\u00fclerinnen und Sch\u00fcler dahin zu f\u00fchren, das eigene Potenzial und pers\u00f6nliche Interessen zu erkennen und einzuordnen sowie sie beim \u00dcbergang von der Schule in den Beruf zu begleiten.<\/p>\n<p>Ein aktiver Teilhaber an der Gesellschaft kann nur werden, wer zu einem selbstst\u00e4ndigen Leben in sozialer Verantwortung f\u00e4hig ist. Unsere Sch\u00fclerinnen und Sch\u00fcler werden innerhalb der Rahmenbedingungen und unter Ber\u00fccksichtigung ihrer individuellen Lern- und Leistungsvoraussetzungen in ihren Kompetenzen gef\u00f6rdert. Unsere p\u00e4dagogische Arbeit konzentriert sich heute nicht nur auf den Erwerb von Fachwissen, sondern auch auf die F\u00f6rderung personaler, sozialer und \u00fcberfachlicher Kompetenzen.<\/p>\n<p>Wir sind eine der gr\u00f6\u00dften Hauptschulen im Regierungsbezirk K\u00f6ln und stolz darauf.\u00a0 Wir haben Erfolg, weil wir stets offen sind f\u00fcr Ver\u00e4nderungen. Wir verstehen uns als Schule f\u00fcr alle und bieten jeder Sch\u00fclerin und jedem Sch\u00fcler die M\u00f6glichkeit, sich individuell zu entwickeln und zu entfalten.<\/p>\n","protected":false},"excerpt":{"rendered":"<p>Unser Leitgedanke \u2013 Vielfalt leben, Perspektiven geben Unsere Gesellschaft und mit ihr unsere Bildungslandschaft haben sich in den letzten Jahrzehnten in einem atemberaubenden Tempo entwickelt. Vorbei ist die Zeit, in der Schulen einer homogenen Sch\u00fclerschaft ein weitgehend einheitliches Curriculum zu vermitteln hatten. Heute steht unsere Schule f\u00fcr eine Vielfalt, die vor einigen Jahren noch undenkbar &hellip; <\/p>\n<p><a class=\"more-link btn\" href=\"https:\/\/eks-bergheim.de\/?page_id=53\">Weiterlesen<\/a><\/p>\n","protected":false},"author":1,"featured_media":0,"parent":0,"menu_order":1,"comment_status":"open","ping_status":"open","template":"template-onecolumn.php","meta":{"footnotes":""},"class_list":["post-53","page","type-page","status-publish","hentry","nodate","item-wrap"],"yoast_head":"<!-- This site is optimized with the Yoast SEO plugin v26.6 - https:\/\/yoast.com\/wordpress\/plugins\/seo\/ -->\n<title>Schule mit Programm - Erich K\u00e4stner Schule Bergheim<\/title>\n<meta name=\"robots\" content=\"index, follow, max-snippet:-1, max-image-preview:large, max-video-preview:-1\" \/>\n<link rel=\"canonical\" href=\"http:\/\/eks-bergheim.de\/?page_id=53\" \/>\n<meta property=\"og:locale\" content=\"de_DE\" \/>\n<meta property=\"og:type\" content=\"article\" \/>\n<meta property=\"og:title\" content=\"Schule mit Programm - Erich K\u00e4stner Schule Bergheim\" \/>\n<meta property=\"og:description\" content=\"Unser Leitgedanke \u2013 Vielfalt leben, Perspektiven geben Unsere Gesellschaft und mit ihr unsere Bildungslandschaft haben sich in den letzten Jahrzehnten in einem atemberaubenden Tempo entwickelt. Vorbei ist die Zeit, in der Schulen einer homogenen Sch\u00fclerschaft ein weitgehend einheitliches Curriculum zu vermitteln hatten. Heute steht unsere Schule f\u00fcr eine Vielfalt, die vor einigen Jahren noch undenkbar &hellip; Weiterlesen\" \/>\n<meta property=\"og:url\" content=\"http:\/\/eks-bergheim.de\/?page_id=53\" \/>\n<meta property=\"og:site_name\" content=\"Erich K\u00e4stner Schule Bergheim\" \/>\n<meta property=\"article:modified_time\" content=\"2022-09-21T10:06:18+00:00\" \/>\n<meta name=\"twitter:card\" content=\"summary_large_image\" \/>\n<meta name=\"twitter:label1\" content=\"Gesch\u00e4tzte Lesezeit\" \/>\n\t<meta name=\"twitter:data1\" content=\"3\u00a0Minuten\" \/>\n<script type=\"application\/ld+json\" class=\"yoast-schema-graph\">{\"@context\":\"https:\/\/schema.org\",\"@graph\":[{\"@type\":\"WebPage\",\"@id\":\"http:\/\/eks-bergheim.de\/?page_id=53\",\"url\":\"http:\/\/eks-bergheim.de\/?page_id=53\",\"name\":\"Schule mit Programm - Erich K\u00e4stner Schule Bergheim\",\"isPartOf\":{\"@id\":\"http:\/\/eks-bergheim.de\/#website\"},\"datePublished\":\"2011-10-07T11:08:56+00:00\",\"dateModified\":\"2022-09-21T10:06:18+00:00\",\"breadcrumb\":{\"@id\":\"http:\/\/eks-bergheim.de\/?page_id=53#breadcrumb\"},\"inLanguage\":\"de\",\"potentialAction\":[{\"@type\":\"ReadAction\",\"target\":[\"http:\/\/eks-bergheim.de\/?page_id=53\"]}]},{\"@type\":\"BreadcrumbList\",\"@id\":\"http:\/\/eks-bergheim.de\/?page_id=53#breadcrumb\",\"itemListElement\":[{\"@type\":\"ListItem\",\"position\":1,\"name\":\"Startseite\",\"item\":\"http:\/\/eks-bergheim.de\/\"},{\"@type\":\"ListItem\",\"position\":2,\"name\":\"Schule mit Programm\"}]},{\"@type\":\"WebSite\",\"@id\":\"http:\/\/eks-bergheim.de\/#website\",\"url\":\"http:\/\/eks-bergheim.de\/\",\"name\":\"Erich K\u00e4stner Schule Bergheim\",\"description\":\"\",\"potentialAction\":[{\"@type\":\"SearchAction\",\"target\":{\"@type\":\"EntryPoint\",\"urlTemplate\":\"http:\/\/eks-bergheim.de\/?s={search_term_string}\"},\"query-input\":{\"@type\":\"PropertyValueSpecification\",\"valueRequired\":true,\"valueName\":\"search_term_string\"}}],\"inLanguage\":\"de\"}]}<\/script>\n<!-- \/ Yoast SEO plugin. -->","yoast_head_json":{"title":"Schule mit Programm - Erich K\u00e4stner Schule Bergheim","robots":{"index":"index","follow":"follow","max-snippet":"max-snippet:-1","max-image-preview":"max-image-preview:large","max-video-preview":"max-video-preview:-1"},"canonical":"http:\/\/eks-bergheim.de\/?page_id=53","og_locale":"de_DE","og_type":"article","og_title":"Schule mit Programm - Erich K\u00e4stner Schule Bergheim","og_description":"Unser Leitgedanke \u2013 Vielfalt leben, Perspektiven geben Unsere Gesellschaft und mit ihr unsere Bildungslandschaft haben sich in den letzten Jahrzehnten in einem atemberaubenden Tempo entwickelt. Vorbei ist die Zeit, in der Schulen einer homogenen Sch\u00fclerschaft ein weitgehend einheitliches Curriculum zu vermitteln hatten. Heute steht unsere Schule f\u00fcr eine Vielfalt, die vor einigen Jahren noch undenkbar &hellip; Weiterlesen","og_url":"http:\/\/eks-bergheim.de\/?page_id=53","og_site_name":"Erich K\u00e4stner Schule Bergheim","article_modified_time":"2022-09-21T10:06:18+00:00","twitter_card":"summary_large_image","twitter_misc":{"Gesch\u00e4tzte Lesezeit":"3\u00a0Minuten"},"schema":{"@context":"https:\/\/schema.org","@graph":[{"@type":"WebPage","@id":"http:\/\/eks-bergheim.de\/?page_id=53","url":"http:\/\/eks-bergheim.de\/?page_id=53","name":"Schule mit Programm - Erich K\u00e4stner Schule Bergheim","isPartOf":{"@id":"http:\/\/eks-bergheim.de\/#website"},"datePublished":"2011-10-07T11:08:56+00:00","dateModified":"2022-09-21T10:06:18+00:00","breadcrumb":{"@id":"http:\/\/eks-bergheim.de\/?page_id=53#breadcrumb"},"inLanguage":"de","potentialAction":[{"@type":"ReadAction","target":["http:\/\/eks-bergheim.de\/?page_id=53"]}]},{"@type":"BreadcrumbList","@id":"http:\/\/eks-bergheim.de\/?page_id=53#breadcrumb","itemListElement":[{"@type":"ListItem","position":1,"name":"Startseite","item":"http:\/\/eks-bergheim.de\/"},{"@type":"ListItem","position":2,"name":"Schule mit Programm"}]},{"@type":"WebSite","@id":"http:\/\/eks-bergheim.de\/#website","url":"http:\/\/eks-bergheim.de\/","name":"Erich K\u00e4stner Schule Bergheim","description":"","potentialAction":[{"@type":"SearchAction","target":{"@type":"EntryPoint","urlTemplate":"http:\/\/eks-bergheim.de\/?s={search_term_string}"},"query-input":{"@type":"PropertyValueSpecification","valueRequired":true,"valueName":"search_term_string"}}],"inLanguage":"de"}]}},"_links":{"self":[{"href":"https:\/\/eks-bergheim.de\/index.php?rest_route=\/wp\/v2\/pages\/53","targetHints":{"allow":["GET"]}}],"collection":[{"href":"https:\/\/eks-bergheim.de\/index.php?rest_route=\/wp\/v2\/pages"}],"about":[{"href":"https:\/\/eks-bergheim.de\/index.php?rest_route=\/wp\/v2\/types\/page"}],"author":[{"embeddable":true,"href":"https:\/\/eks-bergheim.de\/index.php?rest_route=\/wp\/v2\/users\/1"}],"replies":[{"embeddable":true,"href":"https:\/\/eks-bergheim.de\/index.php?rest_route=%2Fwp%2Fv2%2Fcomments&post=53"}],"version-history":[{"count":7,"href":"https:\/\/eks-bergheim.de\/index.php?rest_route=\/wp\/v2\/pages\/53\/revisions"}],"predecessor-version":[{"id":8798,"href":"https:\/\/eks-bergheim.de\/index.php?rest_route=\/wp\/v2\/pages\/53\/revisions\/8798"}],"wp:attachment":[{"href":"https:\/\/eks-bergheim.de\/index.php?rest_route=%2Fwp%2Fv2%2Fmedia&parent=53"}],"curies":[{"name":"wp","href":"https:\/\/api.w.org\/{rel}","templated":true}]}}