{"id":575,"date":"2011-12-02T10:08:21","date_gmt":"2011-12-02T10:08:21","guid":{"rendered":"http:\/\/wp10652880.wp159.webpack.hosteurope.de\/?page_id=575"},"modified":"2022-09-21T10:07:29","modified_gmt":"2022-09-21T10:07:29","slug":"individuelle-forderung","status":"publish","type":"page","link":"https:\/\/eks-bergheim.de\/?page_id=575","title":{"rendered":"Individuelle F\u00f6rderung"},"content":{"rendered":"<p>Um den Anspruch einzul\u00f6sen, unsere Sch\u00fcler ganzheitlich auf eine aktive Teilnahme am gesellschaftlichen Leben vorzubereiten, ist es unerl\u00e4sslich, dass wir ihnen M\u00f6glichkeiten geben, Defizite aufzuarbeiten. Das geschieht im Rahmen unserer individuellen F\u00f6rderung. Ein Grundgedanke ist dabei, dass, wo m\u00f6glich, eine <strong>innere Differenzierung <\/strong>bereits in die Unterrichtsstunden eingeplant ist, so dass jeder Sch\u00fcler im Rahmen seiner M\u00f6glichkeiten und in seinem eigenen Lerntempo arbeiten kann.<\/p>\n<p>Das <strong>F\u00f6rderband<\/strong> ist ein wichtiger Teil unseres didaktischen Konzeptes und mit zwei Stunden pro Woche fest im Stundenplan aller Jahrgangsstufen an der EKS verankert. Im F\u00f6rderband haben unsere Sch\u00fcler die Chance, Defizite in Hauptf\u00e4chern gezielt aufzuarbeiten. Generell ist das F\u00f6rderband so angelegt, dass in den Stufen 5 bis 7 ausschlie\u00dflich Angebote zur Aufarbeitung von fachlichen Defiziten und in den Stufen 8 bis 10 au\u00dferdem auch kompetenzorientierte Angebote mit Blick auf die Berufswahlorientierung eingerichtet werden. Das F\u00f6rderband l\u00e4uft in den Stufen parallel und ist mit mindestens doppelt so vielen Lehrkr\u00e4ften besetzt, wie es je Stufe Klassen gibt. Im F\u00f6rderband werden ausschlie\u00dflich Fachkr\u00e4fte eingesetzt um die Qualit\u00e4t der individuellen F\u00f6rderung zu gew\u00e4hrleisten, aber stets sind auch die Klassenlehrer eingebunden. Die F\u00f6rdergruppen sind klassen\u00fcbergreifend zusammengesetzt und ber\u00fccksichtigen die bestehenden Defizite der Sch\u00fcler um diese gezielt aufzuarbeiten. Zur Ermittlung des F\u00f6rderbedarfs, aber auch zur Kontrolle der Effektivit\u00e4t der F\u00f6rderma\u00dfnahmen,\u00a0 benutzen wir g\u00e4ngige Diagnoseinstrumente wie Klassenarbeiten und Beobachtungen der Lehrkr\u00e4fte, aber auch Eingangstests in der 5. Jahrgangsstufe und Vergleichsarbeiten (Jahre 7 und 9) bzw. die Lernstandserhebungen in der Jahrgangsstufe 8. Ab Stufe 8 spielen bei der Einrichtung des F\u00f6rderbandes auch die Ergebnisse des Potenzialchecks eine gro\u00dfe Rolle. Im Potenzialcheck werden Defizite in Kompetenzbereichen beschrieben, die f\u00fcr ein angestrebtes Berufsziel der Sch\u00fcler wichtig sind. Die Schule richtet dann im F\u00f6rderband Ma\u00dfnahmen zur Reduzierung dieser Defizite ein.<\/p>\n<p>Zus\u00e4tzlich zum F\u00f6rderband bieten wir seit 15 Jahren in den Hauptf\u00e4chern <strong>Erg\u00e4nzungsstunden<\/strong> zur Vertiefung und Konsolidierung des Gelernten an. Wenn m\u00f6glich sind die Erg\u00e4nzungsstunden als Randstunden eingerichtet, sodass auch mit Teilgruppen gearbeitet werden kann.<\/p>\n<p>Der p\u00e4dagogische Nutzen der Wiederholung einer Jahrgangsstufe ist umstritten. Oft ist es f\u00fcr Sch\u00fcler nachteilig, aus der vertrauten sozialen Umgebung herausgerissen zu werden. Seit gut 10 Jahren arbeiten wir mit der <strong>Versetzung auf Probe<\/strong>. Sie bietet die M\u00f6glichkeit Sch\u00fcler, die die Versetzung in die n\u00e4chste Klasse aufgrund der Noten nicht geschafft haben, auf Probe in die n\u00e4chste Klasse zu versetzen. Diese Sch\u00fcler nehmen dann im folgenden Schuljahr am Unterricht der h\u00f6heren Klasse teil. Sie werden \u2013besonders im F\u00f6rderband\u2013 gezielt gef\u00f6rdert, damit sie die Defizite schnell aufarbeiten k\u00f6nnen. Eine Klassenkonferenz entscheidet im Herbst \u00fcber das Bestehen der Probezeit. F\u00fcr das Bestehen der Probezeit werden nicht nur die erzielten Leistungen in Betracht genommen, vielmehr wird f\u00fcr die Entscheidung die Gesamtentwicklung des Sch\u00fcler gesehen, die auch verbessertes Arbeitsverhalten, h\u00f6here Anwesenheitszeiten etc. beinhaltet.<\/p>\n","protected":false},"excerpt":{"rendered":"<p>Um den Anspruch einzul\u00f6sen, unsere Sch\u00fcler ganzheitlich auf eine aktive Teilnahme am gesellschaftlichen Leben vorzubereiten, ist es unerl\u00e4sslich, dass wir ihnen M\u00f6glichkeiten geben, Defizite aufzuarbeiten. Das geschieht im Rahmen unserer individuellen F\u00f6rderung. Ein Grundgedanke ist dabei, dass, wo m\u00f6glich, eine innere Differenzierung bereits in die Unterrichtsstunden eingeplant ist, so dass jeder Sch\u00fcler im Rahmen seiner &hellip; <\/p>\n<p><a class=\"more-link btn\" href=\"https:\/\/eks-bergheim.de\/?page_id=575\">Weiterlesen<\/a><\/p>\n","protected":false},"author":1,"featured_media":0,"parent":53,"menu_order":0,"comment_status":"open","ping_status":"open","template":"template-onecolumn.php","meta":{"footnotes":""},"class_list":["post-575","page","type-page","status-publish","hentry","nodate","item-wrap"],"yoast_head":"<!-- This site is optimized with the Yoast SEO plugin v26.6 - https:\/\/yoast.com\/wordpress\/plugins\/seo\/ -->\n<title>Individuelle F\u00f6rderung - Erich K\u00e4stner Schule Bergheim<\/title>\n<meta name=\"robots\" content=\"index, follow, max-snippet:-1, max-image-preview:large, max-video-preview:-1\" \/>\n<link rel=\"canonical\" href=\"http:\/\/eks-bergheim.de\/?page_id=575\" \/>\n<meta property=\"og:locale\" content=\"de_DE\" \/>\n<meta property=\"og:type\" content=\"article\" \/>\n<meta property=\"og:title\" content=\"Individuelle F\u00f6rderung - Erich K\u00e4stner Schule Bergheim\" \/>\n<meta property=\"og:description\" content=\"Um den Anspruch einzul\u00f6sen, unsere Sch\u00fcler ganzheitlich auf eine aktive Teilnahme am gesellschaftlichen Leben vorzubereiten, ist es unerl\u00e4sslich, dass wir ihnen M\u00f6glichkeiten geben, Defizite aufzuarbeiten. Das geschieht im Rahmen unserer individuellen F\u00f6rderung. Ein Grundgedanke ist dabei, dass, wo m\u00f6glich, eine innere Differenzierung bereits in die Unterrichtsstunden eingeplant ist, so dass jeder Sch\u00fcler im Rahmen seiner &hellip; Weiterlesen\" \/>\n<meta property=\"og:url\" content=\"http:\/\/eks-bergheim.de\/?page_id=575\" \/>\n<meta property=\"og:site_name\" content=\"Erich K\u00e4stner Schule Bergheim\" \/>\n<meta property=\"article:modified_time\" content=\"2022-09-21T10:07:29+00:00\" \/>\n<meta name=\"twitter:card\" content=\"summary_large_image\" \/>\n<meta name=\"twitter:label1\" content=\"Gesch\u00e4tzte Lesezeit\" \/>\n\t<meta name=\"twitter:data1\" content=\"3\u00a0Minuten\" \/>\n<script type=\"application\/ld+json\" class=\"yoast-schema-graph\">{\"@context\":\"https:\/\/schema.org\",\"@graph\":[{\"@type\":\"WebPage\",\"@id\":\"http:\/\/eks-bergheim.de\/?page_id=575\",\"url\":\"http:\/\/eks-bergheim.de\/?page_id=575\",\"name\":\"Individuelle F\u00f6rderung - Erich K\u00e4stner Schule Bergheim\",\"isPartOf\":{\"@id\":\"http:\/\/eks-bergheim.de\/#website\"},\"datePublished\":\"2011-12-02T10:08:21+00:00\",\"dateModified\":\"2022-09-21T10:07:29+00:00\",\"breadcrumb\":{\"@id\":\"http:\/\/eks-bergheim.de\/?page_id=575#breadcrumb\"},\"inLanguage\":\"de\",\"potentialAction\":[{\"@type\":\"ReadAction\",\"target\":[\"http:\/\/eks-bergheim.de\/?page_id=575\"]}]},{\"@type\":\"BreadcrumbList\",\"@id\":\"http:\/\/eks-bergheim.de\/?page_id=575#breadcrumb\",\"itemListElement\":[{\"@type\":\"ListItem\",\"position\":1,\"name\":\"Startseite\",\"item\":\"http:\/\/eks-bergheim.de\/\"},{\"@type\":\"ListItem\",\"position\":2,\"name\":\"Schule mit Programm\",\"item\":\"http:\/\/eks-bergheim.de\/?page_id=53\"},{\"@type\":\"ListItem\",\"position\":3,\"name\":\"Individuelle F\u00f6rderung\"}]},{\"@type\":\"WebSite\",\"@id\":\"http:\/\/eks-bergheim.de\/#website\",\"url\":\"http:\/\/eks-bergheim.de\/\",\"name\":\"Erich K\u00e4stner Schule Bergheim\",\"description\":\"\",\"potentialAction\":[{\"@type\":\"SearchAction\",\"target\":{\"@type\":\"EntryPoint\",\"urlTemplate\":\"http:\/\/eks-bergheim.de\/?s={search_term_string}\"},\"query-input\":{\"@type\":\"PropertyValueSpecification\",\"valueRequired\":true,\"valueName\":\"search_term_string\"}}],\"inLanguage\":\"de\"}]}<\/script>\n<!-- \/ Yoast SEO plugin. -->","yoast_head_json":{"title":"Individuelle F\u00f6rderung - Erich K\u00e4stner Schule Bergheim","robots":{"index":"index","follow":"follow","max-snippet":"max-snippet:-1","max-image-preview":"max-image-preview:large","max-video-preview":"max-video-preview:-1"},"canonical":"http:\/\/eks-bergheim.de\/?page_id=575","og_locale":"de_DE","og_type":"article","og_title":"Individuelle F\u00f6rderung - Erich K\u00e4stner Schule Bergheim","og_description":"Um den Anspruch einzul\u00f6sen, unsere Sch\u00fcler ganzheitlich auf eine aktive Teilnahme am gesellschaftlichen Leben vorzubereiten, ist es unerl\u00e4sslich, dass wir ihnen M\u00f6glichkeiten geben, Defizite aufzuarbeiten. Das geschieht im Rahmen unserer individuellen F\u00f6rderung. Ein Grundgedanke ist dabei, dass, wo m\u00f6glich, eine innere Differenzierung bereits in die Unterrichtsstunden eingeplant ist, so dass jeder Sch\u00fcler im Rahmen seiner &hellip; Weiterlesen","og_url":"http:\/\/eks-bergheim.de\/?page_id=575","og_site_name":"Erich K\u00e4stner Schule Bergheim","article_modified_time":"2022-09-21T10:07:29+00:00","twitter_card":"summary_large_image","twitter_misc":{"Gesch\u00e4tzte Lesezeit":"3\u00a0Minuten"},"schema":{"@context":"https:\/\/schema.org","@graph":[{"@type":"WebPage","@id":"http:\/\/eks-bergheim.de\/?page_id=575","url":"http:\/\/eks-bergheim.de\/?page_id=575","name":"Individuelle F\u00f6rderung - Erich K\u00e4stner Schule Bergheim","isPartOf":{"@id":"http:\/\/eks-bergheim.de\/#website"},"datePublished":"2011-12-02T10:08:21+00:00","dateModified":"2022-09-21T10:07:29+00:00","breadcrumb":{"@id":"http:\/\/eks-bergheim.de\/?page_id=575#breadcrumb"},"inLanguage":"de","potentialAction":[{"@type":"ReadAction","target":["http:\/\/eks-bergheim.de\/?page_id=575"]}]},{"@type":"BreadcrumbList","@id":"http:\/\/eks-bergheim.de\/?page_id=575#breadcrumb","itemListElement":[{"@type":"ListItem","position":1,"name":"Startseite","item":"http:\/\/eks-bergheim.de\/"},{"@type":"ListItem","position":2,"name":"Schule mit Programm","item":"http:\/\/eks-bergheim.de\/?page_id=53"},{"@type":"ListItem","position":3,"name":"Individuelle F\u00f6rderung"}]},{"@type":"WebSite","@id":"http:\/\/eks-bergheim.de\/#website","url":"http:\/\/eks-bergheim.de\/","name":"Erich K\u00e4stner Schule Bergheim","description":"","potentialAction":[{"@type":"SearchAction","target":{"@type":"EntryPoint","urlTemplate":"http:\/\/eks-bergheim.de\/?s={search_term_string}"},"query-input":{"@type":"PropertyValueSpecification","valueRequired":true,"valueName":"search_term_string"}}],"inLanguage":"de"}]}},"_links":{"self":[{"href":"https:\/\/eks-bergheim.de\/index.php?rest_route=\/wp\/v2\/pages\/575","targetHints":{"allow":["GET"]}}],"collection":[{"href":"https:\/\/eks-bergheim.de\/index.php?rest_route=\/wp\/v2\/pages"}],"about":[{"href":"https:\/\/eks-bergheim.de\/index.php?rest_route=\/wp\/v2\/types\/page"}],"author":[{"embeddable":true,"href":"https:\/\/eks-bergheim.de\/index.php?rest_route=\/wp\/v2\/users\/1"}],"replies":[{"embeddable":true,"href":"https:\/\/eks-bergheim.de\/index.php?rest_route=%2Fwp%2Fv2%2Fcomments&post=575"}],"version-history":[{"count":7,"href":"https:\/\/eks-bergheim.de\/index.php?rest_route=\/wp\/v2\/pages\/575\/revisions"}],"predecessor-version":[{"id":8800,"href":"https:\/\/eks-bergheim.de\/index.php?rest_route=\/wp\/v2\/pages\/575\/revisions\/8800"}],"up":[{"embeddable":true,"href":"https:\/\/eks-bergheim.de\/index.php?rest_route=\/wp\/v2\/pages\/53"}],"wp:attachment":[{"href":"https:\/\/eks-bergheim.de\/index.php?rest_route=%2Fwp%2Fv2%2Fmedia&parent=575"}],"curies":[{"name":"wp","href":"https:\/\/api.w.org\/{rel}","templated":true}]}}