{"id":577,"date":"2011-12-02T10:08:46","date_gmt":"2011-12-02T10:08:46","guid":{"rendered":"http:\/\/wp10652880.wp159.webpack.hosteurope.de\/?page_id=577"},"modified":"2021-05-04T07:25:21","modified_gmt":"2021-05-04T07:25:21","slug":"berufswahlorientierung","status":"publish","type":"page","link":"https:\/\/eks-bergheim.de\/?page_id=577","title":{"rendered":"Berufswahlorientierung"},"content":{"rendered":"<p><a href=\"http:\/\/wp10652880.wp159.webpack.hosteurope.de\/wp-content\/uploads\/2011\/12\/kr\u00e4mer.jpg\"><img loading=\"lazy\" decoding=\"async\" class=\"alignright size-full wp-image-734\" title=\"kr\u00e4mer\" src=\"http:\/\/wp10652880.wp159.webpack.hosteurope.de\/wp-content\/uploads\/2011\/12\/kr\u00e4mer.jpg\" alt=\"\" width=\"270\" height=\"202\" \/><\/a>Das Arbeitsfeld <strong><em>Berufswahlorientierung<\/em><\/strong> ist gem\u00e4\u00df unserer Grundorientierung ein elementarer Bestandteil unseres Schulprogramms. Wir halten den Bereich f\u00fcr so bedeutsam, dass wir eine stufen\u00fcbergreifende Konzeption f\u00fcr diesen Bereich ausgearbeitet haben. Damit werden schon Sch\u00fcler ab Klasse 5 mit verschiedenen Berufsbildern konfrontiert und befassen sich fr\u00fchzeitig mit der Berufswahl.<\/p>\n<p>Au\u00dferdem arbeiten wir in diesem Bereich mit vielen au\u00dferschulischen Partnern zusammen, die die Berufswahlorientierung unterst\u00fctzen.<\/p>\n<p>So ist unsere Schule in vielen Projekten mit verschiedenen <strong>Kooperationspartnern<\/strong> eingebunden. Ein gro\u00dfer Kooperationspartner ist die Stadt Bergheim, mit der unsere Schule drei Projekte gemeinsam hat.<\/p>\n<p>&nbsp;<\/p>\n<p>Der Berufsberater der <strong>Agentur f\u00fcr Arbeit<\/strong> informiert die Sch\u00fcler in den Klassen \u00fcber Bewerbungsverfahren und Schullaufbahn und hat eine monatliche Sprechstunde in der Schule.<\/p>\n<p>Auch die Vertreter der <strong>weiterf\u00fchrenden Schulen<\/strong> stellen j\u00e4hrlich ihre Schulen mit den entsprechenden Bildungsg\u00e4ngen vor.<\/p>\n<p>Unsere Schule hat vier KURS-Kooperationen mit denen die Schule zusammenarbeitet und Lernpartnerschaften bildet.<\/p>\n<p>Die Kooperationspartner sind <strong>RWE<\/strong>, <strong>Kaufland<\/strong>, das <strong>Haus Lazarus<\/strong>, die <strong>Lazarus Kita am Turm<\/strong> und die <strong>KSK-K\u00f6ln<\/strong>. Mit allen KURS-Kooperationspartnern werden regelm\u00e4\u00dfig Vereinbarungen \u00fcber die Zusammenarbeit gef\u00fchrt. Alle Unternehmen stehen als Ansprechpartner unserer Betriebserkundungen zur Verf\u00fcgung.<\/p>\n<p>In der Schule selbst sind gibt es eine ganze Menge an <strong>Ma\u00dfnahmen zur Berufswahlorientierung<\/strong>. So wurde ein <strong>schuleigenes Berufscurricula <\/strong>erstellt um die umfassenden Aktivit\u00e4ten der Schule in Bezug auf die Berufswahlorientierung verbindlich festzuhalten. Dar\u00fcber hinaus haben die Fachkonferenzen aller F\u00e4cher eruiert, welchen Beitrag das jeweilige Fach zur Berufswahlorientierung beitragen kann. Auf diese Weise soll die <strong>Berufswahl in allen F\u00e4chern<\/strong> eine verbindliche Rolle spielen.<\/p>\n<p>An unserer Schule f\u00e4ngt die Berufswahl im 5. Schuljahr mit verbindlichen <strong>Betriebserkundungen<\/strong> an. Betriebserkundungen finden dann j\u00e4hrlich statt und nehmen mit h\u00f6herer Stufenzahl zu. Alle Betriebserkundungen werden in der <strong>Sch\u00fclerberatungsmappe <\/strong>dokumentiert.<\/p>\n<p>Der <strong>Berufswahlpass<\/strong> ist ein Instrument zur systematischen Berufswahl und zur Dokumentation der Aktivit\u00e4ten eines jeden Sch\u00fclers in Bezug darauf. An unserer Schule wird der Berufswahlpass verbindlich f\u00fcr jeden Sch\u00fcler ab Stufe 7 eingef\u00fchrt.<\/p>\n<p>Neben dem obligatorischen dreiw\u00f6chigen <strong>Praktikum<\/strong> in den Stufen 9 und 10 hat unsere Schule ein einw\u00f6chiges Schnupperpraktikum f\u00fcr Sch\u00fcler der Stufe 8 eingerichtet. Die Sch\u00fcler sollen nach M\u00f6glichkeit Einblicke in das Berufsfeld erhalten, das ihnen im Auswertungsgespr\u00e4ch des Potentialchecks genannt wurde.<span style=\"text-decoration: underline;\">\u00a0<\/span><\/p>\n<p>Unser WPU-Profil ist schwerpunktm\u00e4\u00dfig auf den Bereich Arbeitslehre ausgerichtet und soll die Berufwahlfindung unterst\u00fctzen. So gibt es <strong>WPU-Angebote<\/strong>, die Einblicke in verschiedene Berufsfelder erm\u00f6glichen. Ab Stufe 7 gibt es als WPU-Angebot die <em>Sch\u00fcler-Streitschlichtung<\/em>, ab Stufe 8 gibt es die WPU-Angebote <em>B\u00fchnentechnik<\/em> und <em>Schulsanit\u00e4tsdienst<\/em>. In der Stufe 10 wird im WPU-Bereich der Schwerpunkt auf <em>Bewerbungstraining<\/em> gelegt.<\/p>\n<p><strong>Bewerbungstraining <\/strong>ist ebenso ein wesentlicher Schwerpunkt im Fach Deutsch in den Stufen 9 und auch 10. Dabei arbeitet unsere Schule mit au\u00dferschulischen Partnern (AOK, DEBEKA, Knappschaft u.a.) zusammen, die im BOB mit den Sch\u00fclern entsprechende Trainings durchf\u00fchren. Au\u00dferdem soll sp\u00e4testens bis zum ersten Halbjahr der Stufe 10 jeder Sch\u00fcler eine selbst angefertigte Bewerbung mit Anschreiben und Lebenslauf als Datei besitzen.<\/p>\n<p>An unserer Schule gibt es Hilfen zur <strong>Ausbildungsstellensuche<\/strong>. So werden freie Ausbildungsstellen am \u201eSchwarzen Brett\u201c ausgeh\u00e4ngt; im Einzelfall vermittelt unser Berufswahlkoordinator einzelnen Sch\u00fclern passgenaue Stellen. Zudem stehen den Sch\u00fclern im BOB und nach Absprache mit der Schulsozialarbeiterin M\u00f6glichkeiten der <strong>Internetrecherche <\/strong>zur Verf\u00fcgung. Der Schule angebotene freie Ausbildungspl\u00e4tze werden passgenau ausgew\u00e4hlten Sch\u00fclern zur Kenntnis gegeben.<\/p>\n<p>In der Stufe 8 wird j\u00e4hrlich der <strong>Potentialcheck <\/strong>durchgef\u00fchrt. Die resultierenden Ergebnisse dienen als Beratungsgrundlage in der <strong>Lernberatung <\/strong>mit den Eltern und werden bei der Einrichtung des <strong>F\u00f6rderbandangebots<\/strong> f\u00fcr die Stufen 9 und 10 ber\u00fccksichtigt.<br \/>\nSeit dem Schuljahr 2014\/2015 nehmen wir an dem neuen \u00dcbergangssystem Schule\/Beruf &#8222;Kein Abschluss ohne Anschluss&#8220;, kurz &#8222;KAoA&#8220; teil.<br \/>\nErg\u00e4nzend zu den bisherigen Aktivit\u00e4ten zur Berufswahlorientierung schnuppern die Sch\u00fclerinnen und Sch\u00fcler der Stufe 8 in drei Berufsfelder hinein, um das Praktikum in 9 somit optimal vorzubereiten.<\/p>\n<div id=\"outerContainer\">\n<div id=\"sidebarContainer\">\n<div id=\"toolbarSidebar\">\n<div id=\"toolbarSidebarLeft\">\n<div class=\"splitToolbarButton toggled\"><\/div>\n<\/div>\n<\/div>\n<\/div>\n<\/div>\n<p><span dir=\"ltr\">Auch an der Erich<\/span><span dir=\"ltr\">&#8211;<\/span><span dir=\"ltr\">K\u00e4stner<\/span> <span dir=\"ltr\">S<\/span><span dir=\"ltr\">chule ist das Projekt <\/span><strong><span dir=\"ltr\">Bildungspatenschaft <\/span><\/strong><span dir=\"ltr\">installiert<\/span><span dir=\"ltr\">. <\/span><\/p>\n<p><span dir=\"ltr\">Das Projekt richtet sich an Jugendliche ab 15 Jahre aus <\/span><span dir=\"ltr\">Quadrath<\/span><span dir=\"ltr\">&#8211;<\/span><span dir=\"ltr\">Ichendorf und soll Jugendliche <\/span><span dir=\"ltr\">auf <\/span><span dir=\"ltr\">dem Weg zum Praktikum und Ausbildung begleiten und unterst\u00fctzen um berufliche Perspektiven zu <\/span><span dir=\"ltr\">entwickeln. Au\u00dferdem wird eine Beratung in allen Lebensbereichen angeboten.<br \/>\n<\/span><span dir=\"ltr\">Die Bildungspatenschaft ist im Rahmen des F\u00f6rderaufrufs ,,Zusamm<\/span><span dir=\"ltr\">en im Quartier<\/span><span dir=\"ltr\">&#8211;<\/span><span dir=\"ltr\">Kinder st\u00e4rken<\/span><span dir=\"ltr\">&#8211;<\/span><span dir=\"ltr\">Zukunft sichern\u201c des Ministeriums f\u00fcr Arbeit, Gesundheit und Soziales des Landes NRW f\u00fcr den <\/span><span dir=\"ltr\">Stadtteil Quadrath<\/span><span dir=\"ltr\">&#8211;<\/span><span dir=\"ltr\">Ichendorf entstanden: <\/span><span dir=\"ltr\">Sch\u00fcler*innen, die einen Praktikumsplat<\/span><span dir=\"ltr\">z oder Ausbildungsplatz suchen <\/span><span dir=\"ltr\">oder Hilfe beim Erst<\/span><span dir=\"ltr\">ellen von <\/span><span dir=\"ltr\">Bewerbungen und Lebensl\u00e4ufen brauchen, <\/span><span dir=\"ltr\">k\u00f6nnen sich hier <\/span><span dir=\"ltr\">im BOB <\/span><span dir=\"ltr\">jeden Montag und Dienstag von <\/span><span dir=\"ltr\">09<\/span><span dir=\"ltr\">&#8211;<\/span><span dir=\"ltr\">11.30 UHR <\/span><span dir=\"ltr\">Unterst\u00fctzung <\/span><span dir=\"ltr\">holen.<br \/>\n<\/span><span dir=\"ltr\">Auch au\u00dferhalb der Schulzeiten und w\u00e4hrend des Distanzunterricht<\/span><span dir=\"ltr\">s <\/span><span dir=\"ltr\">ist die Bildungspatenschaft im <\/span><span dir=\"ltr\">Gleis 11<\/span><span dir=\"ltr\">,<\/span><span dir=\"ltr\">Frenser <\/span><span dir=\"ltr\">Stra\u00df<\/span><span dir=\"ltr\">e 11 in <\/span><span dir=\"ltr\">50127 <\/span><span dir=\"ltr\">Quadrath<\/span><span dir=\"ltr\">&#8211;<\/span><span dir=\"ltr\">Ichendorf zu <\/span><span dir=\"ltr\">erreichen<\/span><span dir=\"ltr\">. <\/span><span dir=\"ltr\">Termine <\/span><span dir=\"ltr\">k\u00f6nnen bei der Projektkoordinatorin <\/span><span dir=\"ltr\">Akbel Sahraoui 01573<\/span><span dir=\"ltr\">523<\/span><span dir=\"ltr\">0<\/span><span dir=\"ltr\">524 oder per email <\/span><span dir=\"ltr\">bildungspatenschaft@eg<\/span><span dir=\"ltr\">&#8211;<\/span><span dir=\"ltr\">bm.de <\/span><span dir=\"ltr\">vereinbart werden.<\/span><\/p>\n<p>Wer aktuell eine Ausbildungsstelle sucht, kann sich auf den folgenden Links informieren!!<\/p>\n<p><a href=\"https:\/\/con.arbeitsagentur.de\/prod\/jobboerse\/jobsuche-ui\/\">https:\/\/con.arbeitsagentur.de<\/a><\/p>\n<p><a href=\"https:\/\/www.jobb\u00f6rse-stellenangebote.de\/ausbildung\/\">https:\/\/www.jobb\u00f6rse-stellenangebote.de<\/a><\/p>\n<p><a href=\"https:\/\/www.azubiyo.de\/ausbildung\/?gclid=EAIaIQobChMI1KXVleSx7wIVxed3Ch1oOQWnEAAYASAAEgK3dvD_BwE\">https:\/\/www.azubiyo.de<\/a><\/p>\n<p>&nbsp;<\/p>\n","protected":false},"excerpt":{"rendered":"<p>Das Arbeitsfeld Berufswahlorientierung ist gem\u00e4\u00df unserer Grundorientierung ein elementarer Bestandteil unseres Schulprogramms. Wir halten den Bereich f\u00fcr so bedeutsam, dass wir eine stufen\u00fcbergreifende Konzeption f\u00fcr diesen Bereich ausgearbeitet haben. Damit werden schon Sch\u00fcler ab Klasse 5 mit verschiedenen Berufsbildern konfrontiert und befassen sich fr\u00fchzeitig mit der Berufswahl. Au\u00dferdem arbeiten wir in diesem Bereich mit vielen &hellip; <\/p>\n<p><a class=\"more-link btn\" href=\"https:\/\/eks-bergheim.de\/?page_id=577\">Weiterlesen<\/a><\/p>\n","protected":false},"author":1,"featured_media":0,"parent":53,"menu_order":2,"comment_status":"open","ping_status":"open","template":"","meta":{"footnotes":""},"class_list":["post-577","page","type-page","status-publish","hentry","nodate","item-wrap"],"yoast_head":"<!-- This site is optimized with the Yoast SEO plugin v26.6 - https:\/\/yoast.com\/wordpress\/plugins\/seo\/ -->\n<title>Berufswahlorientierung - Erich K\u00e4stner Schule Bergheim<\/title>\n<meta name=\"robots\" content=\"index, follow, max-snippet:-1, max-image-preview:large, max-video-preview:-1\" \/>\n<link rel=\"canonical\" href=\"http:\/\/eks-bergheim.de\/?page_id=577\" \/>\n<meta property=\"og:locale\" content=\"de_DE\" \/>\n<meta property=\"og:type\" content=\"article\" \/>\n<meta property=\"og:title\" content=\"Berufswahlorientierung - Erich K\u00e4stner Schule Bergheim\" \/>\n<meta property=\"og:description\" content=\"Das Arbeitsfeld Berufswahlorientierung ist gem\u00e4\u00df unserer Grundorientierung ein elementarer Bestandteil unseres Schulprogramms. Wir halten den Bereich f\u00fcr so bedeutsam, dass wir eine stufen\u00fcbergreifende Konzeption f\u00fcr diesen Bereich ausgearbeitet haben. Damit werden schon Sch\u00fcler ab Klasse 5 mit verschiedenen Berufsbildern konfrontiert und befassen sich fr\u00fchzeitig mit der Berufswahl. Au\u00dferdem arbeiten wir in diesem Bereich mit vielen &hellip; Weiterlesen\" \/>\n<meta property=\"og:url\" content=\"http:\/\/eks-bergheim.de\/?page_id=577\" \/>\n<meta property=\"og:site_name\" content=\"Erich K\u00e4stner Schule Bergheim\" \/>\n<meta property=\"article:modified_time\" content=\"2021-05-04T07:25:21+00:00\" \/>\n<meta name=\"twitter:card\" content=\"summary_large_image\" \/>\n<meta name=\"twitter:label1\" content=\"Gesch\u00e4tzte Lesezeit\" \/>\n\t<meta name=\"twitter:data1\" content=\"4\u00a0Minuten\" \/>\n<script type=\"application\/ld+json\" class=\"yoast-schema-graph\">{\"@context\":\"https:\/\/schema.org\",\"@graph\":[{\"@type\":\"WebPage\",\"@id\":\"http:\/\/eks-bergheim.de\/?page_id=577\",\"url\":\"http:\/\/eks-bergheim.de\/?page_id=577\",\"name\":\"Berufswahlorientierung - Erich K\u00e4stner Schule Bergheim\",\"isPartOf\":{\"@id\":\"http:\/\/eks-bergheim.de\/#website\"},\"datePublished\":\"2011-12-02T10:08:46+00:00\",\"dateModified\":\"2021-05-04T07:25:21+00:00\",\"breadcrumb\":{\"@id\":\"http:\/\/eks-bergheim.de\/?page_id=577#breadcrumb\"},\"inLanguage\":\"de\",\"potentialAction\":[{\"@type\":\"ReadAction\",\"target\":[\"http:\/\/eks-bergheim.de\/?page_id=577\"]}]},{\"@type\":\"BreadcrumbList\",\"@id\":\"http:\/\/eks-bergheim.de\/?page_id=577#breadcrumb\",\"itemListElement\":[{\"@type\":\"ListItem\",\"position\":1,\"name\":\"Startseite\",\"item\":\"http:\/\/eks-bergheim.de\/\"},{\"@type\":\"ListItem\",\"position\":2,\"name\":\"Schule mit Programm\",\"item\":\"http:\/\/eks-bergheim.de\/?page_id=53\"},{\"@type\":\"ListItem\",\"position\":3,\"name\":\"Berufswahlorientierung\"}]},{\"@type\":\"WebSite\",\"@id\":\"http:\/\/eks-bergheim.de\/#website\",\"url\":\"http:\/\/eks-bergheim.de\/\",\"name\":\"Erich K\u00e4stner Schule Bergheim\",\"description\":\"\",\"potentialAction\":[{\"@type\":\"SearchAction\",\"target\":{\"@type\":\"EntryPoint\",\"urlTemplate\":\"http:\/\/eks-bergheim.de\/?s={search_term_string}\"},\"query-input\":{\"@type\":\"PropertyValueSpecification\",\"valueRequired\":true,\"valueName\":\"search_term_string\"}}],\"inLanguage\":\"de\"}]}<\/script>\n<!-- \/ Yoast SEO plugin. -->","yoast_head_json":{"title":"Berufswahlorientierung - Erich K\u00e4stner Schule Bergheim","robots":{"index":"index","follow":"follow","max-snippet":"max-snippet:-1","max-image-preview":"max-image-preview:large","max-video-preview":"max-video-preview:-1"},"canonical":"http:\/\/eks-bergheim.de\/?page_id=577","og_locale":"de_DE","og_type":"article","og_title":"Berufswahlorientierung - Erich K\u00e4stner Schule Bergheim","og_description":"Das Arbeitsfeld Berufswahlorientierung ist gem\u00e4\u00df unserer Grundorientierung ein elementarer Bestandteil unseres Schulprogramms. Wir halten den Bereich f\u00fcr so bedeutsam, dass wir eine stufen\u00fcbergreifende Konzeption f\u00fcr diesen Bereich ausgearbeitet haben. Damit werden schon Sch\u00fcler ab Klasse 5 mit verschiedenen Berufsbildern konfrontiert und befassen sich fr\u00fchzeitig mit der Berufswahl. Au\u00dferdem arbeiten wir in diesem Bereich mit vielen &hellip; Weiterlesen","og_url":"http:\/\/eks-bergheim.de\/?page_id=577","og_site_name":"Erich K\u00e4stner Schule Bergheim","article_modified_time":"2021-05-04T07:25:21+00:00","twitter_card":"summary_large_image","twitter_misc":{"Gesch\u00e4tzte Lesezeit":"4\u00a0Minuten"},"schema":{"@context":"https:\/\/schema.org","@graph":[{"@type":"WebPage","@id":"http:\/\/eks-bergheim.de\/?page_id=577","url":"http:\/\/eks-bergheim.de\/?page_id=577","name":"Berufswahlorientierung - Erich K\u00e4stner Schule Bergheim","isPartOf":{"@id":"http:\/\/eks-bergheim.de\/#website"},"datePublished":"2011-12-02T10:08:46+00:00","dateModified":"2021-05-04T07:25:21+00:00","breadcrumb":{"@id":"http:\/\/eks-bergheim.de\/?page_id=577#breadcrumb"},"inLanguage":"de","potentialAction":[{"@type":"ReadAction","target":["http:\/\/eks-bergheim.de\/?page_id=577"]}]},{"@type":"BreadcrumbList","@id":"http:\/\/eks-bergheim.de\/?page_id=577#breadcrumb","itemListElement":[{"@type":"ListItem","position":1,"name":"Startseite","item":"http:\/\/eks-bergheim.de\/"},{"@type":"ListItem","position":2,"name":"Schule mit Programm","item":"http:\/\/eks-bergheim.de\/?page_id=53"},{"@type":"ListItem","position":3,"name":"Berufswahlorientierung"}]},{"@type":"WebSite","@id":"http:\/\/eks-bergheim.de\/#website","url":"http:\/\/eks-bergheim.de\/","name":"Erich K\u00e4stner Schule Bergheim","description":"","potentialAction":[{"@type":"SearchAction","target":{"@type":"EntryPoint","urlTemplate":"http:\/\/eks-bergheim.de\/?s={search_term_string}"},"query-input":{"@type":"PropertyValueSpecification","valueRequired":true,"valueName":"search_term_string"}}],"inLanguage":"de"}]}},"_links":{"self":[{"href":"https:\/\/eks-bergheim.de\/index.php?rest_route=\/wp\/v2\/pages\/577","targetHints":{"allow":["GET"]}}],"collection":[{"href":"https:\/\/eks-bergheim.de\/index.php?rest_route=\/wp\/v2\/pages"}],"about":[{"href":"https:\/\/eks-bergheim.de\/index.php?rest_route=\/wp\/v2\/types\/page"}],"author":[{"embeddable":true,"href":"https:\/\/eks-bergheim.de\/index.php?rest_route=\/wp\/v2\/users\/1"}],"replies":[{"embeddable":true,"href":"https:\/\/eks-bergheim.de\/index.php?rest_route=%2Fwp%2Fv2%2Fcomments&post=577"}],"version-history":[{"count":12,"href":"https:\/\/eks-bergheim.de\/index.php?rest_route=\/wp\/v2\/pages\/577\/revisions"}],"predecessor-version":[{"id":8052,"href":"https:\/\/eks-bergheim.de\/index.php?rest_route=\/wp\/v2\/pages\/577\/revisions\/8052"}],"up":[{"embeddable":true,"href":"https:\/\/eks-bergheim.de\/index.php?rest_route=\/wp\/v2\/pages\/53"}],"wp:attachment":[{"href":"https:\/\/eks-bergheim.de\/index.php?rest_route=%2Fwp%2Fv2%2Fmedia&parent=577"}],"curies":[{"name":"wp","href":"https:\/\/api.w.org\/{rel}","templated":true}]}}