{"id":602,"date":"2011-12-02T10:44:44","date_gmt":"2011-12-02T10:44:44","guid":{"rendered":"http:\/\/wp10652880.wp159.webpack.hosteurope.de\/?page_id=602"},"modified":"2011-12-02T10:57:42","modified_gmt":"2011-12-02T10:57:42","slug":"freiwillige-ags","status":"publish","type":"page","link":"https:\/\/eks-bergheim.de\/?page_id=602","title":{"rendered":"Freiwillige AGs"},"content":{"rendered":"<p>Neben den festen Schuldiensten gibt es f\u00fcr die Sch\u00fcler der Stufen 9 und 10 <strong>freiwillige AGs<\/strong>, die an den jeweils freien Nachmittagen der Sch\u00fcler stattfinden.<\/p>\n<p>So findet am Freitagnachmittag die <strong>Homepage-AG<\/strong> statt. In dieser AG sichten die Sch\u00fcler als Redakteure eingehende Artikel und stellen als Autoren auch eigene Artikel her. Dabei f\u00fchren sie z.B. Interviews mit Lehrern und Sch\u00fclern, machen Fotos und schreiben zu aktuellen Themen aus unserem Schulalltag. Pro Woche soll m\u00f6glichst ein Artikel auf unserer Schulhomepage erscheinen.<\/p>\n<p>Mit dieser AG korrespondiert die <strong>Sch\u00fclerzeitungs-AG<\/strong>, die immer im zweiten Schulhalbjahr eingerichtet und von einer professionellen Journalistin geleitet wird. Auch diese findet am Freitagnachmittag statt und arbeitet eng verbunden mit der Homepage-AG zusammen. Die Sch\u00fclerzeitung erscheint einmal j\u00e4hrlich am Tag der Entlassfeier. Die Zeitung hei\u00dft \u201e<em>Was Strammes!<\/em>\u201c und hat in den letzten drei Jahren jeweils einen Preis gewonnen.<\/p>\n<p>Die <strong>Mofa-AG <\/strong>findet am Dienstagnachmittag statt und wird von einem ausgebildeten Lehrer in Zusammenarbeit mit einem \u00f6rtlichen Polizeibeamten geleitet. In dieser AG haben Sch\u00fcler ab dem 15. Lebensjahr die M\u00f6glichkeit den Mofaf\u00fchrerschein zu erlangen.<\/p>\n<p>Alle Sch\u00fcler, die sich au\u00dferunterrichtlich f\u00fcr die Schule engagieren, bekommen neben den vorgesehenen Bescheinigungen auch einen entsprechenden Vermerk auf dem Zeugnis.<\/p>\n","protected":false},"excerpt":{"rendered":"<p>Neben den festen Schuldiensten gibt es f\u00fcr die Sch\u00fcler der Stufen 9 und 10 freiwillige AGs, die an den jeweils freien Nachmittagen der Sch\u00fcler stattfinden. So findet am Freitagnachmittag die Homepage-AG statt. In dieser AG sichten die Sch\u00fcler als Redakteure eingehende Artikel und stellen als Autoren auch eigene Artikel her. Dabei f\u00fchren sie z.B. Interviews &hellip; <\/p>\n<p><a class=\"more-link btn\" href=\"https:\/\/eks-bergheim.de\/?page_id=602\">Weiterlesen<\/a><\/p>\n","protected":false},"author":1,"featured_media":0,"parent":569,"menu_order":6,"comment_status":"open","ping_status":"open","template":"template-onecolumn.php","meta":{"footnotes":""},"class_list":["post-602","page","type-page","status-publish","hentry","nodate","item-wrap"],"yoast_head":"<!-- This site is optimized with the Yoast SEO plugin v26.6 - https:\/\/yoast.com\/wordpress\/plugins\/seo\/ -->\n<title>Freiwillige AGs - Erich K\u00e4stner Schule Bergheim<\/title>\n<meta name=\"robots\" content=\"index, follow, max-snippet:-1, max-image-preview:large, max-video-preview:-1\" \/>\n<link rel=\"canonical\" href=\"http:\/\/eks-bergheim.de\/?page_id=602\" \/>\n<meta property=\"og:locale\" content=\"de_DE\" \/>\n<meta property=\"og:type\" content=\"article\" \/>\n<meta property=\"og:title\" content=\"Freiwillige AGs - Erich K\u00e4stner Schule Bergheim\" \/>\n<meta property=\"og:description\" content=\"Neben den festen Schuldiensten gibt es f\u00fcr die Sch\u00fcler der Stufen 9 und 10 freiwillige AGs, die an den jeweils freien Nachmittagen der Sch\u00fcler stattfinden. So findet am Freitagnachmittag die Homepage-AG statt. In dieser AG sichten die Sch\u00fcler als Redakteure eingehende Artikel und stellen als Autoren auch eigene Artikel her. Dabei f\u00fchren sie z.B. Interviews &hellip; Weiterlesen\" \/>\n<meta property=\"og:url\" content=\"http:\/\/eks-bergheim.de\/?page_id=602\" \/>\n<meta property=\"og:site_name\" content=\"Erich K\u00e4stner Schule Bergheim\" \/>\n<meta property=\"article:modified_time\" content=\"2011-12-02T10:57:42+00:00\" \/>\n<meta name=\"twitter:card\" content=\"summary_large_image\" \/>\n<meta name=\"twitter:label1\" content=\"Gesch\u00e4tzte Lesezeit\" \/>\n\t<meta name=\"twitter:data1\" content=\"1\u00a0Minute\" \/>\n<script type=\"application\/ld+json\" class=\"yoast-schema-graph\">{\"@context\":\"https:\/\/schema.org\",\"@graph\":[{\"@type\":\"WebPage\",\"@id\":\"http:\/\/eks-bergheim.de\/?page_id=602\",\"url\":\"http:\/\/eks-bergheim.de\/?page_id=602\",\"name\":\"Freiwillige AGs - Erich K\u00e4stner Schule Bergheim\",\"isPartOf\":{\"@id\":\"http:\/\/eks-bergheim.de\/#website\"},\"datePublished\":\"2011-12-02T10:44:44+00:00\",\"dateModified\":\"2011-12-02T10:57:42+00:00\",\"breadcrumb\":{\"@id\":\"http:\/\/eks-bergheim.de\/?page_id=602#breadcrumb\"},\"inLanguage\":\"de\",\"potentialAction\":[{\"@type\":\"ReadAction\",\"target\":[\"http:\/\/eks-bergheim.de\/?page_id=602\"]}]},{\"@type\":\"BreadcrumbList\",\"@id\":\"http:\/\/eks-bergheim.de\/?page_id=602#breadcrumb\",\"itemListElement\":[{\"@type\":\"ListItem\",\"position\":1,\"name\":\"Startseite\",\"item\":\"http:\/\/eks-bergheim.de\/\"},{\"@type\":\"ListItem\",\"position\":2,\"name\":\"Infos und Termine\",\"item\":\"https:\/\/eks-bergheim.de\/?page_id=2\"},{\"@type\":\"ListItem\",\"position\":3,\"name\":\"Infos\",\"item\":\"https:\/\/eks-bergheim.de\/?page_id=569\"},{\"@type\":\"ListItem\",\"position\":4,\"name\":\"Freiwillige AGs\"}]},{\"@type\":\"WebSite\",\"@id\":\"http:\/\/eks-bergheim.de\/#website\",\"url\":\"http:\/\/eks-bergheim.de\/\",\"name\":\"Erich K\u00e4stner Schule Bergheim\",\"description\":\"\",\"potentialAction\":[{\"@type\":\"SearchAction\",\"target\":{\"@type\":\"EntryPoint\",\"urlTemplate\":\"http:\/\/eks-bergheim.de\/?s={search_term_string}\"},\"query-input\":{\"@type\":\"PropertyValueSpecification\",\"valueRequired\":true,\"valueName\":\"search_term_string\"}}],\"inLanguage\":\"de\"}]}<\/script>\n<!-- \/ Yoast SEO plugin. -->","yoast_head_json":{"title":"Freiwillige AGs - Erich K\u00e4stner Schule Bergheim","robots":{"index":"index","follow":"follow","max-snippet":"max-snippet:-1","max-image-preview":"max-image-preview:large","max-video-preview":"max-video-preview:-1"},"canonical":"http:\/\/eks-bergheim.de\/?page_id=602","og_locale":"de_DE","og_type":"article","og_title":"Freiwillige AGs - Erich K\u00e4stner Schule Bergheim","og_description":"Neben den festen Schuldiensten gibt es f\u00fcr die Sch\u00fcler der Stufen 9 und 10 freiwillige AGs, die an den jeweils freien Nachmittagen der Sch\u00fcler stattfinden. So findet am Freitagnachmittag die Homepage-AG statt. In dieser AG sichten die Sch\u00fcler als Redakteure eingehende Artikel und stellen als Autoren auch eigene Artikel her. Dabei f\u00fchren sie z.B. Interviews &hellip; Weiterlesen","og_url":"http:\/\/eks-bergheim.de\/?page_id=602","og_site_name":"Erich K\u00e4stner Schule Bergheim","article_modified_time":"2011-12-02T10:57:42+00:00","twitter_card":"summary_large_image","twitter_misc":{"Gesch\u00e4tzte Lesezeit":"1\u00a0Minute"},"schema":{"@context":"https:\/\/schema.org","@graph":[{"@type":"WebPage","@id":"http:\/\/eks-bergheim.de\/?page_id=602","url":"http:\/\/eks-bergheim.de\/?page_id=602","name":"Freiwillige AGs - Erich K\u00e4stner Schule Bergheim","isPartOf":{"@id":"http:\/\/eks-bergheim.de\/#website"},"datePublished":"2011-12-02T10:44:44+00:00","dateModified":"2011-12-02T10:57:42+00:00","breadcrumb":{"@id":"http:\/\/eks-bergheim.de\/?page_id=602#breadcrumb"},"inLanguage":"de","potentialAction":[{"@type":"ReadAction","target":["http:\/\/eks-bergheim.de\/?page_id=602"]}]},{"@type":"BreadcrumbList","@id":"http:\/\/eks-bergheim.de\/?page_id=602#breadcrumb","itemListElement":[{"@type":"ListItem","position":1,"name":"Startseite","item":"http:\/\/eks-bergheim.de\/"},{"@type":"ListItem","position":2,"name":"Infos und Termine","item":"https:\/\/eks-bergheim.de\/?page_id=2"},{"@type":"ListItem","position":3,"name":"Infos","item":"https:\/\/eks-bergheim.de\/?page_id=569"},{"@type":"ListItem","position":4,"name":"Freiwillige AGs"}]},{"@type":"WebSite","@id":"http:\/\/eks-bergheim.de\/#website","url":"http:\/\/eks-bergheim.de\/","name":"Erich K\u00e4stner Schule Bergheim","description":"","potentialAction":[{"@type":"SearchAction","target":{"@type":"EntryPoint","urlTemplate":"http:\/\/eks-bergheim.de\/?s={search_term_string}"},"query-input":{"@type":"PropertyValueSpecification","valueRequired":true,"valueName":"search_term_string"}}],"inLanguage":"de"}]}},"_links":{"self":[{"href":"https:\/\/eks-bergheim.de\/index.php?rest_route=\/wp\/v2\/pages\/602","targetHints":{"allow":["GET"]}}],"collection":[{"href":"https:\/\/eks-bergheim.de\/index.php?rest_route=\/wp\/v2\/pages"}],"about":[{"href":"https:\/\/eks-bergheim.de\/index.php?rest_route=\/wp\/v2\/types\/page"}],"author":[{"embeddable":true,"href":"https:\/\/eks-bergheim.de\/index.php?rest_route=\/wp\/v2\/users\/1"}],"replies":[{"embeddable":true,"href":"https:\/\/eks-bergheim.de\/index.php?rest_route=%2Fwp%2Fv2%2Fcomments&post=602"}],"version-history":[{"count":3,"href":"https:\/\/eks-bergheim.de\/index.php?rest_route=\/wp\/v2\/pages\/602\/revisions"}],"predecessor-version":[{"id":623,"href":"https:\/\/eks-bergheim.de\/index.php?rest_route=\/wp\/v2\/pages\/602\/revisions\/623"}],"up":[{"embeddable":true,"href":"https:\/\/eks-bergheim.de\/index.php?rest_route=\/wp\/v2\/pages\/569"}],"wp:attachment":[{"href":"https:\/\/eks-bergheim.de\/index.php?rest_route=%2Fwp%2Fv2%2Fmedia&parent=602"}],"curies":[{"name":"wp","href":"https:\/\/api.w.org\/{rel}","templated":true}]}}