{"id":606,"date":"2011-12-02T10:46:23","date_gmt":"2011-12-02T10:46:23","guid":{"rendered":"http:\/\/wp10652880.wp159.webpack.hosteurope.de\/?page_id=606"},"modified":"2023-10-30T08:39:08","modified_gmt":"2023-10-30T08:39:08","slug":"mittagspause","status":"publish","type":"page","link":"https:\/\/eks-bergheim.de\/?page_id=606","title":{"rendered":"Mittagspause"},"content":{"rendered":"<p><a href=\"http:\/\/wp10652880.wp159.webpack.hosteurope.de\/wp-content\/uploads\/2011\/12\/P1020887a1.jpg\"><img loading=\"lazy\" decoding=\"async\" class=\"size-full wp-image-725 alignleft\" title=\"P1020887a\" src=\"http:\/\/wp10652880.wp159.webpack.hosteurope.de\/wp-content\/uploads\/2011\/12\/P1020887a1.jpg\" alt=\"\" width=\"215\" height=\"169\" \/><\/a>Die Mittagspause ist 45 Minuten lang. In der <strong>Mittagspause<\/strong> ist unsere <strong>Mensa<\/strong> ge\u00f6ffnet. Es wird den Sch\u00fclern pro Tag eine Auswahl von zwei Men\u00fcs angeboten, die sie bereits eine Woche vorher bestellen. Ein Mensabeirat\u00a0 besch\u00e4ftigt sich mit allen Belangen des Mensabetriebes.<\/p>\n<p>Einen Aktivraum bildet der <strong>Freizeitraum<\/strong>. Dieser Raum ist ausgestattet mit einer Kletterwand, Tischtennis-, Kickertischen und vielem mehr. Der Raum steht t\u00e4glich einer der Stufen 5 bis 7 zur Verf\u00fcgung, sodass das Angebot sinnvoll wahrgenommen werden kann.<\/p>\n<p>Eine <strong>Teek\u00fcche<\/strong>, die durch Sch\u00fcler der Stufen 8 und 9 organisiert wird, ist in Planung. Das Konzept dazu liegt vor. Dabei soll die Teek\u00fcche ein Treffpunkt f\u00fcr die Sch\u00fcler der Stufen 8 bis 10 werden. Ausgestattet ist die Teek\u00fcche u.a. mit einer gro\u00dfen Sitzecke f\u00fcr etwa 15 Personen und einem Billardtisch.<\/p>\n","protected":false},"excerpt":{"rendered":"<p>Die Mittagspause ist 45 Minuten lang. In der Mittagspause ist unsere Mensa ge\u00f6ffnet. Es wird den Sch\u00fclern pro Tag eine Auswahl von zwei Men\u00fcs angeboten, die sie bereits eine Woche vorher bestellen. Ein Mensabeirat\u00a0 besch\u00e4ftigt sich mit allen Belangen des Mensabetriebes. Einen Aktivraum bildet der Freizeitraum. Dieser Raum ist ausgestattet mit einer Kletterwand, Tischtennis-, Kickertischen &hellip; <\/p>\n<p><a class=\"more-link btn\" href=\"https:\/\/eks-bergheim.de\/?page_id=606\">Weiterlesen<\/a><\/p>\n","protected":false},"author":1,"featured_media":0,"parent":569,"menu_order":5,"comment_status":"open","ping_status":"open","template":"template-onecolumn.php","meta":{"footnotes":""},"class_list":["post-606","page","type-page","status-publish","hentry","nodate","item-wrap"],"yoast_head":"<!-- This site is optimized with the Yoast SEO plugin v26.6 - https:\/\/yoast.com\/wordpress\/plugins\/seo\/ -->\n<title>Mittagspause - Erich K\u00e4stner Schule Bergheim<\/title>\n<meta name=\"robots\" content=\"index, follow, max-snippet:-1, max-image-preview:large, max-video-preview:-1\" \/>\n<link rel=\"canonical\" href=\"http:\/\/eks-bergheim.de\/?page_id=606\" \/>\n<meta property=\"og:locale\" content=\"de_DE\" \/>\n<meta property=\"og:type\" content=\"article\" \/>\n<meta property=\"og:title\" content=\"Mittagspause - Erich K\u00e4stner Schule Bergheim\" \/>\n<meta property=\"og:description\" content=\"Die Mittagspause ist 45 Minuten lang. In der Mittagspause ist unsere Mensa ge\u00f6ffnet. Es wird den Sch\u00fclern pro Tag eine Auswahl von zwei Men\u00fcs angeboten, die sie bereits eine Woche vorher bestellen. Ein Mensabeirat\u00a0 besch\u00e4ftigt sich mit allen Belangen des Mensabetriebes. Einen Aktivraum bildet der Freizeitraum. Dieser Raum ist ausgestattet mit einer Kletterwand, Tischtennis-, Kickertischen &hellip; Weiterlesen\" \/>\n<meta property=\"og:url\" content=\"http:\/\/eks-bergheim.de\/?page_id=606\" \/>\n<meta property=\"og:site_name\" content=\"Erich K\u00e4stner Schule Bergheim\" \/>\n<meta property=\"article:modified_time\" content=\"2023-10-30T08:39:08+00:00\" \/>\n<meta property=\"og:image\" content=\"http:\/\/wp10652880.wp159.webpack.hosteurope.de\/wp-content\/uploads\/2011\/12\/P1020887a1.jpg\" \/>\n<meta name=\"twitter:card\" content=\"summary_large_image\" \/>\n<meta name=\"twitter:label1\" content=\"Gesch\u00e4tzte Lesezeit\" \/>\n\t<meta name=\"twitter:data1\" content=\"1\u00a0Minute\" \/>\n<script type=\"application\/ld+json\" class=\"yoast-schema-graph\">{\"@context\":\"https:\/\/schema.org\",\"@graph\":[{\"@type\":\"WebPage\",\"@id\":\"http:\/\/eks-bergheim.de\/?page_id=606\",\"url\":\"http:\/\/eks-bergheim.de\/?page_id=606\",\"name\":\"Mittagspause - Erich K\u00e4stner Schule Bergheim\",\"isPartOf\":{\"@id\":\"http:\/\/eks-bergheim.de\/#website\"},\"primaryImageOfPage\":{\"@id\":\"http:\/\/eks-bergheim.de\/?page_id=606#primaryimage\"},\"image\":{\"@id\":\"http:\/\/eks-bergheim.de\/?page_id=606#primaryimage\"},\"thumbnailUrl\":\"http:\/\/wp10652880.wp159.webpack.hosteurope.de\/wp-content\/uploads\/2011\/12\/P1020887a1.jpg\",\"datePublished\":\"2011-12-02T10:46:23+00:00\",\"dateModified\":\"2023-10-30T08:39:08+00:00\",\"breadcrumb\":{\"@id\":\"http:\/\/eks-bergheim.de\/?page_id=606#breadcrumb\"},\"inLanguage\":\"de\",\"potentialAction\":[{\"@type\":\"ReadAction\",\"target\":[\"http:\/\/eks-bergheim.de\/?page_id=606\"]}]},{\"@type\":\"ImageObject\",\"inLanguage\":\"de\",\"@id\":\"http:\/\/eks-bergheim.de\/?page_id=606#primaryimage\",\"url\":\"http:\/\/wp10652880.wp159.webpack.hosteurope.de\/wp-content\/uploads\/2011\/12\/P1020887a1.jpg\",\"contentUrl\":\"http:\/\/wp10652880.wp159.webpack.hosteurope.de\/wp-content\/uploads\/2011\/12\/P1020887a1.jpg\"},{\"@type\":\"BreadcrumbList\",\"@id\":\"http:\/\/eks-bergheim.de\/?page_id=606#breadcrumb\",\"itemListElement\":[{\"@type\":\"ListItem\",\"position\":1,\"name\":\"Startseite\",\"item\":\"http:\/\/eks-bergheim.de\/\"},{\"@type\":\"ListItem\",\"position\":2,\"name\":\"Infos und Termine\",\"item\":\"https:\/\/eks-bergheim.de\/?page_id=2\"},{\"@type\":\"ListItem\",\"position\":3,\"name\":\"Infos\",\"item\":\"https:\/\/eks-bergheim.de\/?page_id=569\"},{\"@type\":\"ListItem\",\"position\":4,\"name\":\"Mittagspause\"}]},{\"@type\":\"WebSite\",\"@id\":\"http:\/\/eks-bergheim.de\/#website\",\"url\":\"http:\/\/eks-bergheim.de\/\",\"name\":\"Erich K\u00e4stner Schule Bergheim\",\"description\":\"\",\"potentialAction\":[{\"@type\":\"SearchAction\",\"target\":{\"@type\":\"EntryPoint\",\"urlTemplate\":\"http:\/\/eks-bergheim.de\/?s={search_term_string}\"},\"query-input\":{\"@type\":\"PropertyValueSpecification\",\"valueRequired\":true,\"valueName\":\"search_term_string\"}}],\"inLanguage\":\"de\"}]}<\/script>\n<!-- \/ Yoast SEO plugin. -->","yoast_head_json":{"title":"Mittagspause - Erich K\u00e4stner Schule Bergheim","robots":{"index":"index","follow":"follow","max-snippet":"max-snippet:-1","max-image-preview":"max-image-preview:large","max-video-preview":"max-video-preview:-1"},"canonical":"http:\/\/eks-bergheim.de\/?page_id=606","og_locale":"de_DE","og_type":"article","og_title":"Mittagspause - Erich K\u00e4stner Schule Bergheim","og_description":"Die Mittagspause ist 45 Minuten lang. In der Mittagspause ist unsere Mensa ge\u00f6ffnet. Es wird den Sch\u00fclern pro Tag eine Auswahl von zwei Men\u00fcs angeboten, die sie bereits eine Woche vorher bestellen. Ein Mensabeirat\u00a0 besch\u00e4ftigt sich mit allen Belangen des Mensabetriebes. Einen Aktivraum bildet der Freizeitraum. Dieser Raum ist ausgestattet mit einer Kletterwand, Tischtennis-, Kickertischen &hellip; Weiterlesen","og_url":"http:\/\/eks-bergheim.de\/?page_id=606","og_site_name":"Erich K\u00e4stner Schule Bergheim","article_modified_time":"2023-10-30T08:39:08+00:00","og_image":[{"url":"http:\/\/wp10652880.wp159.webpack.hosteurope.de\/wp-content\/uploads\/2011\/12\/P1020887a1.jpg","type":"","width":"","height":""}],"twitter_card":"summary_large_image","twitter_misc":{"Gesch\u00e4tzte Lesezeit":"1\u00a0Minute"},"schema":{"@context":"https:\/\/schema.org","@graph":[{"@type":"WebPage","@id":"http:\/\/eks-bergheim.de\/?page_id=606","url":"http:\/\/eks-bergheim.de\/?page_id=606","name":"Mittagspause - Erich K\u00e4stner Schule Bergheim","isPartOf":{"@id":"http:\/\/eks-bergheim.de\/#website"},"primaryImageOfPage":{"@id":"http:\/\/eks-bergheim.de\/?page_id=606#primaryimage"},"image":{"@id":"http:\/\/eks-bergheim.de\/?page_id=606#primaryimage"},"thumbnailUrl":"http:\/\/wp10652880.wp159.webpack.hosteurope.de\/wp-content\/uploads\/2011\/12\/P1020887a1.jpg","datePublished":"2011-12-02T10:46:23+00:00","dateModified":"2023-10-30T08:39:08+00:00","breadcrumb":{"@id":"http:\/\/eks-bergheim.de\/?page_id=606#breadcrumb"},"inLanguage":"de","potentialAction":[{"@type":"ReadAction","target":["http:\/\/eks-bergheim.de\/?page_id=606"]}]},{"@type":"ImageObject","inLanguage":"de","@id":"http:\/\/eks-bergheim.de\/?page_id=606#primaryimage","url":"http:\/\/wp10652880.wp159.webpack.hosteurope.de\/wp-content\/uploads\/2011\/12\/P1020887a1.jpg","contentUrl":"http:\/\/wp10652880.wp159.webpack.hosteurope.de\/wp-content\/uploads\/2011\/12\/P1020887a1.jpg"},{"@type":"BreadcrumbList","@id":"http:\/\/eks-bergheim.de\/?page_id=606#breadcrumb","itemListElement":[{"@type":"ListItem","position":1,"name":"Startseite","item":"http:\/\/eks-bergheim.de\/"},{"@type":"ListItem","position":2,"name":"Infos und Termine","item":"https:\/\/eks-bergheim.de\/?page_id=2"},{"@type":"ListItem","position":3,"name":"Infos","item":"https:\/\/eks-bergheim.de\/?page_id=569"},{"@type":"ListItem","position":4,"name":"Mittagspause"}]},{"@type":"WebSite","@id":"http:\/\/eks-bergheim.de\/#website","url":"http:\/\/eks-bergheim.de\/","name":"Erich K\u00e4stner Schule Bergheim","description":"","potentialAction":[{"@type":"SearchAction","target":{"@type":"EntryPoint","urlTemplate":"http:\/\/eks-bergheim.de\/?s={search_term_string}"},"query-input":{"@type":"PropertyValueSpecification","valueRequired":true,"valueName":"search_term_string"}}],"inLanguage":"de"}]}},"_links":{"self":[{"href":"https:\/\/eks-bergheim.de\/index.php?rest_route=\/wp\/v2\/pages\/606","targetHints":{"allow":["GET"]}}],"collection":[{"href":"https:\/\/eks-bergheim.de\/index.php?rest_route=\/wp\/v2\/pages"}],"about":[{"href":"https:\/\/eks-bergheim.de\/index.php?rest_route=\/wp\/v2\/types\/page"}],"author":[{"embeddable":true,"href":"https:\/\/eks-bergheim.de\/index.php?rest_route=\/wp\/v2\/users\/1"}],"replies":[{"embeddable":true,"href":"https:\/\/eks-bergheim.de\/index.php?rest_route=%2Fwp%2Fv2%2Fcomments&post=606"}],"version-history":[{"count":5,"href":"https:\/\/eks-bergheim.de\/index.php?rest_route=\/wp\/v2\/pages\/606\/revisions"}],"predecessor-version":[{"id":9387,"href":"https:\/\/eks-bergheim.de\/index.php?rest_route=\/wp\/v2\/pages\/606\/revisions\/9387"}],"up":[{"embeddable":true,"href":"https:\/\/eks-bergheim.de\/index.php?rest_route=\/wp\/v2\/pages\/569"}],"wp:attachment":[{"href":"https:\/\/eks-bergheim.de\/index.php?rest_route=%2Fwp%2Fv2%2Fmedia&parent=606"}],"curies":[{"name":"wp","href":"https:\/\/api.w.org\/{rel}","templated":true}]}}