{"id":611,"date":"2011-12-02T10:50:11","date_gmt":"2011-12-02T10:50:11","guid":{"rendered":"http:\/\/wp10652880.wp159.webpack.hosteurope.de\/?page_id=611"},"modified":"2011-12-02T10:58:00","modified_gmt":"2011-12-02T10:58:00","slug":"feste-und-feiern","status":"publish","type":"page","link":"https:\/\/eks-bergheim.de\/?page_id=611","title":{"rendered":"Feste und Feiern"},"content":{"rendered":"<p>Feste und Feiern sowie andere Veranstaltungen, bei der sich die Schule darstellt, sind f\u00fcr unser Schulleben enorm wichtig. Zum einen dienen sie einem positiven Schulklima und zum anderen bieten viele Feste Auftrittsm\u00f6glichkeiten f\u00fcr Sch\u00fcler auf der B\u00fchne. Auf diese Weise bekommen talentierte Sch\u00fcler eine Plattform um ihr K\u00f6nnen zu zeigen.<\/p>\n<p>Unser gr\u00f6\u00dftes Schulfest ist die <strong>Entlassfeier<\/strong> der abgehenden Sch\u00fcler. Zu dieser erscheinen die Sch\u00fcler, Eltern und Familienangeh\u00f6rige um in einem festlichen Rahmen die \u00dcbergabe der Abschlusszeugnisse zu feiern. Neben der \u00dcbergabe der Abschlusszeugnisse, der Belobigung und der Rede der Schulleiterin gibt es auch Programmpunkte, die von Sch\u00fclern dargeboten werden. Oft sind es Beitr\u00e4ge, die aus den AGs wie der Tanz-, Chor- oder auch Orchester-AG resultieren. Vor der Entlassfeier haben die Sch\u00fcler die M\u00f6glichkeit an einem im Religionsunterricht vorbereiteten <strong>\u00f6kumenischen Gottesdienst<\/strong> teilzunehmen.<\/p>\n<p>Ebenfalls eine gro\u00dfe Feier ist unsere <strong>Karnevalsfeier<\/strong> an Weiberfastnacht mit allen Sch\u00fclern der Schule. Auch hier gestalten die Sch\u00fcler &#8211; angefangen von der Moderation der Veranstaltung bis hin zu verschiedenen Sch\u00fclerauftritten &#8211; die Feier aktiv mit. Ein H\u00f6hepunkt der Feier ist die Pr\u00e4mierung der sch\u00f6nsten Kost\u00fcme, was dazu f\u00fchrt, dass fast ausnahmslos alle Sch\u00fcler kost\u00fcmiert erscheinen und dieser Feier einen bunten Rahmen geben.<\/p>\n<p>F\u00fcr die Klassen der Stufe 5 wird eine <strong>Weihnachtsfeier<\/strong> organisiert. Die Sch\u00fcler feiern seit dem letzten Jahr innerhalb ihrer Klassen. Da die Klassenr\u00e4ume von den Sch\u00fclern \u00a0entsprechend f\u00fcr diese Feier dekoriert werden, bieten sie einen sch\u00f6nen und besinnlichen Rahmen. Jede Klasse wird dann \u201ebesucht\u201c, in den Klassen wird musiziert oder ein kleines Theaterst\u00fcck aufgef\u00fchrt.<\/p>\n<p>Am Ende des Schuljahres findet unser <strong>Sportfest<\/strong> statt, das von der Fachschaft Sport organisiert wird. An diesem Sportfest nehmen alle Sch\u00fcler der Schule teil.<\/p>\n<p>F\u00fcr die neuen Sch\u00fcler, die nach den gro\u00dfen Ferien von den Grundschulen auf unsere Schule kommen finden mehrere Aktivit\u00e4ten statt. So gibt es bereits am Ende des Schuljahres einen <strong>Schnuppertag<\/strong>. Zu diesem Tag werden alle angemeldeten Sch\u00fcler eingeladen und haben an einem Nachmittag die M\u00f6glichkeit unsere Schule, ihre Klassenlehrer, die Tutoren und ihre Mitsch\u00fcler schon etwas kennen zu lernen. W\u00e4hrend die \u201eneuen\u201c Sch\u00fcler an Workshops im Computerraum, in der Schulk\u00fcche, im Textil- bzw. im Technikraum teilnehmen, haben deren Eltern w\u00e4hrenddessen Zeit der Schulleitung Fragen zur Schule zu stellen.<\/p>\n<p>Am ersten Schultag nach den Ferien ist die <strong>Einschulung<\/strong>. In einem feierlichen Rahmen in der Mensa gibt es Programmpunkte, bei denen\u00a0 Sch\u00fcler aktiv etwas auff\u00fchren.<\/p>\n<p>&nbsp;<\/p>\n<p>In der ersten Ganztagswoche wird eine <strong>Schulrallye<\/strong> mit den neuen Sch\u00fclern durchgef\u00fchrt. Diese dient dazu den Sch\u00fclern die Schule mit ihren R\u00e4umlichkeiten vertraut zu machen. Des Weiteren lernen die Sch\u00fcler wichtige Personen wie den Hausmeister und die Sekret\u00e4rin kennen. Die Rallye findet in einem spielerischen Rahmen satt, was zu einer gro\u00dfen Motivation bei den Sch\u00fclern f\u00fchrt und f\u00fcr viel Spa\u00df sorgt.<\/p>\n<p>Diese Rallye wird von der Schulsozialarbeiterin in Zusammenarbeit mit einer Lehrerin und den Tutoren organisiert.<\/p>\n","protected":false},"excerpt":{"rendered":"<p>Feste und Feiern sowie andere Veranstaltungen, bei der sich die Schule darstellt, sind f\u00fcr unser Schulleben enorm wichtig. Zum einen dienen sie einem positiven Schulklima und zum anderen bieten viele Feste Auftrittsm\u00f6glichkeiten f\u00fcr Sch\u00fcler auf der B\u00fchne. Auf diese Weise bekommen talentierte Sch\u00fcler eine Plattform um ihr K\u00f6nnen zu zeigen. Unser gr\u00f6\u00dftes Schulfest ist die &hellip; <\/p>\n<p><a class=\"more-link btn\" href=\"https:\/\/eks-bergheim.de\/?page_id=611\">Weiterlesen<\/a><\/p>\n","protected":false},"author":1,"featured_media":0,"parent":569,"menu_order":6,"comment_status":"open","ping_status":"open","template":"template-onecolumn.php","meta":{"footnotes":""},"class_list":["post-611","page","type-page","status-publish","hentry","nodate","item-wrap"],"yoast_head":"<!-- This site is optimized with the Yoast SEO plugin v26.6 - https:\/\/yoast.com\/wordpress\/plugins\/seo\/ -->\n<title>Feste und Feiern - Erich K\u00e4stner Schule Bergheim<\/title>\n<meta name=\"robots\" content=\"index, follow, max-snippet:-1, max-image-preview:large, max-video-preview:-1\" \/>\n<link rel=\"canonical\" href=\"https:\/\/eks-bergheim.de\/?page_id=611\" \/>\n<meta property=\"og:locale\" content=\"de_DE\" \/>\n<meta property=\"og:type\" content=\"article\" \/>\n<meta property=\"og:title\" content=\"Feste und Feiern - Erich K\u00e4stner Schule Bergheim\" \/>\n<meta property=\"og:description\" content=\"Feste und Feiern sowie andere Veranstaltungen, bei der sich die Schule darstellt, sind f\u00fcr unser Schulleben enorm wichtig. Zum einen dienen sie einem positiven Schulklima und zum anderen bieten viele Feste Auftrittsm\u00f6glichkeiten f\u00fcr Sch\u00fcler auf der B\u00fchne. Auf diese Weise bekommen talentierte Sch\u00fcler eine Plattform um ihr K\u00f6nnen zu zeigen. Unser gr\u00f6\u00dftes Schulfest ist die &hellip; Weiterlesen\" \/>\n<meta property=\"og:url\" content=\"https:\/\/eks-bergheim.de\/?page_id=611\" \/>\n<meta property=\"og:site_name\" content=\"Erich K\u00e4stner Schule Bergheim\" \/>\n<meta property=\"article:modified_time\" content=\"2011-12-02T10:58:00+00:00\" \/>\n<meta name=\"twitter:card\" content=\"summary_large_image\" \/>\n<meta name=\"twitter:label1\" content=\"Gesch\u00e4tzte Lesezeit\" \/>\n\t<meta name=\"twitter:data1\" content=\"3\u00a0Minuten\" \/>\n<script type=\"application\/ld+json\" class=\"yoast-schema-graph\">{\"@context\":\"https:\/\/schema.org\",\"@graph\":[{\"@type\":\"WebPage\",\"@id\":\"https:\/\/eks-bergheim.de\/?page_id=611\",\"url\":\"https:\/\/eks-bergheim.de\/?page_id=611\",\"name\":\"Feste und Feiern - Erich K\u00e4stner Schule Bergheim\",\"isPartOf\":{\"@id\":\"https:\/\/eks-bergheim.de\/#website\"},\"datePublished\":\"2011-12-02T10:50:11+00:00\",\"dateModified\":\"2011-12-02T10:58:00+00:00\",\"breadcrumb\":{\"@id\":\"https:\/\/eks-bergheim.de\/?page_id=611#breadcrumb\"},\"inLanguage\":\"de\",\"potentialAction\":[{\"@type\":\"ReadAction\",\"target\":[\"https:\/\/eks-bergheim.de\/?page_id=611\"]}]},{\"@type\":\"BreadcrumbList\",\"@id\":\"https:\/\/eks-bergheim.de\/?page_id=611#breadcrumb\",\"itemListElement\":[{\"@type\":\"ListItem\",\"position\":1,\"name\":\"Startseite\",\"item\":\"https:\/\/eks-bergheim.de\/\"},{\"@type\":\"ListItem\",\"position\":2,\"name\":\"Infos und Termine\",\"item\":\"http:\/\/eks-bergheim.de\/?page_id=2\"},{\"@type\":\"ListItem\",\"position\":3,\"name\":\"Infos\",\"item\":\"http:\/\/eks-bergheim.de\/?page_id=569\"},{\"@type\":\"ListItem\",\"position\":4,\"name\":\"Feste und Feiern\"}]},{\"@type\":\"WebSite\",\"@id\":\"https:\/\/eks-bergheim.de\/#website\",\"url\":\"https:\/\/eks-bergheim.de\/\",\"name\":\"Erich K\u00e4stner Schule Bergheim\",\"description\":\"\",\"potentialAction\":[{\"@type\":\"SearchAction\",\"target\":{\"@type\":\"EntryPoint\",\"urlTemplate\":\"https:\/\/eks-bergheim.de\/?s={search_term_string}\"},\"query-input\":{\"@type\":\"PropertyValueSpecification\",\"valueRequired\":true,\"valueName\":\"search_term_string\"}}],\"inLanguage\":\"de\"}]}<\/script>\n<!-- \/ Yoast SEO plugin. -->","yoast_head_json":{"title":"Feste und Feiern - Erich K\u00e4stner Schule Bergheim","robots":{"index":"index","follow":"follow","max-snippet":"max-snippet:-1","max-image-preview":"max-image-preview:large","max-video-preview":"max-video-preview:-1"},"canonical":"https:\/\/eks-bergheim.de\/?page_id=611","og_locale":"de_DE","og_type":"article","og_title":"Feste und Feiern - Erich K\u00e4stner Schule Bergheim","og_description":"Feste und Feiern sowie andere Veranstaltungen, bei der sich die Schule darstellt, sind f\u00fcr unser Schulleben enorm wichtig. Zum einen dienen sie einem positiven Schulklima und zum anderen bieten viele Feste Auftrittsm\u00f6glichkeiten f\u00fcr Sch\u00fcler auf der B\u00fchne. Auf diese Weise bekommen talentierte Sch\u00fcler eine Plattform um ihr K\u00f6nnen zu zeigen. Unser gr\u00f6\u00dftes Schulfest ist die &hellip; Weiterlesen","og_url":"https:\/\/eks-bergheim.de\/?page_id=611","og_site_name":"Erich K\u00e4stner Schule Bergheim","article_modified_time":"2011-12-02T10:58:00+00:00","twitter_card":"summary_large_image","twitter_misc":{"Gesch\u00e4tzte Lesezeit":"3\u00a0Minuten"},"schema":{"@context":"https:\/\/schema.org","@graph":[{"@type":"WebPage","@id":"https:\/\/eks-bergheim.de\/?page_id=611","url":"https:\/\/eks-bergheim.de\/?page_id=611","name":"Feste und Feiern - Erich K\u00e4stner Schule Bergheim","isPartOf":{"@id":"https:\/\/eks-bergheim.de\/#website"},"datePublished":"2011-12-02T10:50:11+00:00","dateModified":"2011-12-02T10:58:00+00:00","breadcrumb":{"@id":"https:\/\/eks-bergheim.de\/?page_id=611#breadcrumb"},"inLanguage":"de","potentialAction":[{"@type":"ReadAction","target":["https:\/\/eks-bergheim.de\/?page_id=611"]}]},{"@type":"BreadcrumbList","@id":"https:\/\/eks-bergheim.de\/?page_id=611#breadcrumb","itemListElement":[{"@type":"ListItem","position":1,"name":"Startseite","item":"https:\/\/eks-bergheim.de\/"},{"@type":"ListItem","position":2,"name":"Infos und Termine","item":"http:\/\/eks-bergheim.de\/?page_id=2"},{"@type":"ListItem","position":3,"name":"Infos","item":"http:\/\/eks-bergheim.de\/?page_id=569"},{"@type":"ListItem","position":4,"name":"Feste und Feiern"}]},{"@type":"WebSite","@id":"https:\/\/eks-bergheim.de\/#website","url":"https:\/\/eks-bergheim.de\/","name":"Erich K\u00e4stner Schule Bergheim","description":"","potentialAction":[{"@type":"SearchAction","target":{"@type":"EntryPoint","urlTemplate":"https:\/\/eks-bergheim.de\/?s={search_term_string}"},"query-input":{"@type":"PropertyValueSpecification","valueRequired":true,"valueName":"search_term_string"}}],"inLanguage":"de"}]}},"_links":{"self":[{"href":"https:\/\/eks-bergheim.de\/index.php?rest_route=\/wp\/v2\/pages\/611","targetHints":{"allow":["GET"]}}],"collection":[{"href":"https:\/\/eks-bergheim.de\/index.php?rest_route=\/wp\/v2\/pages"}],"about":[{"href":"https:\/\/eks-bergheim.de\/index.php?rest_route=\/wp\/v2\/types\/page"}],"author":[{"embeddable":true,"href":"https:\/\/eks-bergheim.de\/index.php?rest_route=\/wp\/v2\/users\/1"}],"replies":[{"embeddable":true,"href":"https:\/\/eks-bergheim.de\/index.php?rest_route=%2Fwp%2Fv2%2Fcomments&post=611"}],"version-history":[{"count":2,"href":"https:\/\/eks-bergheim.de\/index.php?rest_route=\/wp\/v2\/pages\/611\/revisions"}],"predecessor-version":[{"id":624,"href":"https:\/\/eks-bergheim.de\/index.php?rest_route=\/wp\/v2\/pages\/611\/revisions\/624"}],"up":[{"embeddable":true,"href":"https:\/\/eks-bergheim.de\/index.php?rest_route=\/wp\/v2\/pages\/569"}],"wp:attachment":[{"href":"https:\/\/eks-bergheim.de\/index.php?rest_route=%2Fwp%2Fv2%2Fmedia&parent=611"}],"curies":[{"name":"wp","href":"https:\/\/api.w.org\/{rel}","templated":true}]}}