{"id":613,"date":"2011-12-02T10:50:50","date_gmt":"2011-12-02T10:50:50","guid":{"rendered":"http:\/\/wp10652880.wp159.webpack.hosteurope.de\/?page_id=613"},"modified":"2011-12-02T10:58:47","modified_gmt":"2011-12-02T10:58:47","slug":"kooperation-mit-eltern","status":"publish","type":"page","link":"https:\/\/eks-bergheim.de\/?page_id=613","title":{"rendered":"Kooperation mit Eltern"},"content":{"rendered":"<p>Gerade der Bereich der Elternarbeit gestaltet sich schwierig, da nur wenige Eltern Interesse f\u00fcr die schulischen Belange ihrer Kinder zeigen. Aus diesem Grund versuchen wir verst\u00e4rkt die Eltern zu aktivieren und Kooperationen mit der Schule anzubahnen. Dies geschieht zum einen durch die <strong>Elternarbeit<\/strong> der Schulsozialarbeiterinnen (siehe oben), zum anderen ist die <strong>Elternberatung<\/strong> ein wichtiger Bestandteil unserer schulischen Arbeit. So werden die Eltern \u00fcber schriftlich formulierte Vereinbarungen in der Sch\u00fclerberatungsmappe mit in die Pflicht genommen F\u00f6rderaspekte ihrer Kinder verbindlich und nachpr\u00fcfbar zu unterst\u00fctzen. Das gleiche gilt f\u00fcr den Vertrag zum Bergheimer Ausbildungspakt (siehe 2.2 Berufswahlorientierung), der von den Eltern mit unterschrieben und unterst\u00fctzt werden soll. Vor allem im Bereich der Berufswahlorientierung finden regelm\u00e4\u00dfige <strong>Elternabende<\/strong> statt um die Eltern \u00fcber die verschiedenen Projekte, den Lernstand, die Zentralen Pr\u00fcfungen und verschiedene Berufswahlorientierungsma\u00dfnahmen zu informieren.<\/p>\n<p>Im Schuljahr 2009\/2010 wurde von einer t\u00fcrkischen Kollegin das <strong>M\u00fcttercaf\u00e9<\/strong> gegr\u00fcndet, zusammen mit den Schulsozialarbeiterinnen konzipiert und organisiert. Zum M\u00fcttercaf\u00e9 sind alle interessierten M\u00fctter der Schule eingeladen. Jede Mutter bringt etwas zu essen oder zu trinken mit und es findet ein informeller Austausch in einer zwanglosen Runde statt. Dieses Angebot nehmen seit der Gr\u00fcndung des Caf\u00e9s etwa 20 M\u00fctter regelm\u00e4\u00dfig wahr \u2013 Tendenz steigend. Die Treffen dienen dem informellen Austausch in einer zwanglosen Runde. Die M\u00fctter kn\u00fcpfen auf diese Weise Kontakte und sehen das M\u00fcttercaf\u00e9 als willkommene Abwechslung zum Alltag.<\/p>\n<p>Es finden dort auch immer wieder gemeinsame Aktivit\u00e4ten statt wie etwa gemeinsame Handarbeiten etc. Das M\u00fcttercaf\u00e9 ist in der Regel 3 bis 4 mal im Jahr ge\u00f6ffnet.<\/p>\n","protected":false},"excerpt":{"rendered":"<p>Gerade der Bereich der Elternarbeit gestaltet sich schwierig, da nur wenige Eltern Interesse f\u00fcr die schulischen Belange ihrer Kinder zeigen. Aus diesem Grund versuchen wir verst\u00e4rkt die Eltern zu aktivieren und Kooperationen mit der Schule anzubahnen. Dies geschieht zum einen durch die Elternarbeit der Schulsozialarbeiterinnen (siehe oben), zum anderen ist die Elternberatung ein wichtiger Bestandteil &hellip; <\/p>\n<p><a class=\"more-link btn\" href=\"https:\/\/eks-bergheim.de\/?page_id=613\">Weiterlesen<\/a><\/p>\n","protected":false},"author":1,"featured_media":0,"parent":569,"menu_order":7,"comment_status":"open","ping_status":"open","template":"template-onecolumn.php","meta":{"footnotes":""},"class_list":["post-613","page","type-page","status-publish","hentry","nodate","item-wrap"],"yoast_head":"<!-- This site is optimized with the Yoast SEO plugin v26.6 - https:\/\/yoast.com\/wordpress\/plugins\/seo\/ -->\n<title>Kooperation mit Eltern - Erich K\u00e4stner Schule Bergheim<\/title>\n<meta name=\"robots\" content=\"index, follow, max-snippet:-1, max-image-preview:large, max-video-preview:-1\" \/>\n<link rel=\"canonical\" href=\"https:\/\/eks-bergheim.de\/?page_id=613\" \/>\n<meta property=\"og:locale\" content=\"de_DE\" \/>\n<meta property=\"og:type\" content=\"article\" \/>\n<meta property=\"og:title\" content=\"Kooperation mit Eltern - Erich K\u00e4stner Schule Bergheim\" \/>\n<meta property=\"og:description\" content=\"Gerade der Bereich der Elternarbeit gestaltet sich schwierig, da nur wenige Eltern Interesse f\u00fcr die schulischen Belange ihrer Kinder zeigen. Aus diesem Grund versuchen wir verst\u00e4rkt die Eltern zu aktivieren und Kooperationen mit der Schule anzubahnen. Dies geschieht zum einen durch die Elternarbeit der Schulsozialarbeiterinnen (siehe oben), zum anderen ist die Elternberatung ein wichtiger Bestandteil &hellip; Weiterlesen\" \/>\n<meta property=\"og:url\" content=\"https:\/\/eks-bergheim.de\/?page_id=613\" \/>\n<meta property=\"og:site_name\" content=\"Erich K\u00e4stner Schule Bergheim\" \/>\n<meta property=\"article:modified_time\" content=\"2011-12-02T10:58:47+00:00\" \/>\n<meta name=\"twitter:card\" content=\"summary_large_image\" \/>\n<meta name=\"twitter:label1\" content=\"Gesch\u00e4tzte Lesezeit\" \/>\n\t<meta name=\"twitter:data1\" content=\"1\u00a0Minute\" \/>\n<script type=\"application\/ld+json\" class=\"yoast-schema-graph\">{\"@context\":\"https:\/\/schema.org\",\"@graph\":[{\"@type\":\"WebPage\",\"@id\":\"https:\/\/eks-bergheim.de\/?page_id=613\",\"url\":\"https:\/\/eks-bergheim.de\/?page_id=613\",\"name\":\"Kooperation mit Eltern - Erich K\u00e4stner Schule Bergheim\",\"isPartOf\":{\"@id\":\"http:\/\/eks-bergheim.de\/#website\"},\"datePublished\":\"2011-12-02T10:50:50+00:00\",\"dateModified\":\"2011-12-02T10:58:47+00:00\",\"breadcrumb\":{\"@id\":\"https:\/\/eks-bergheim.de\/?page_id=613#breadcrumb\"},\"inLanguage\":\"de\",\"potentialAction\":[{\"@type\":\"ReadAction\",\"target\":[\"https:\/\/eks-bergheim.de\/?page_id=613\"]}]},{\"@type\":\"BreadcrumbList\",\"@id\":\"https:\/\/eks-bergheim.de\/?page_id=613#breadcrumb\",\"itemListElement\":[{\"@type\":\"ListItem\",\"position\":1,\"name\":\"Startseite\",\"item\":\"http:\/\/eks-bergheim.de\/\"},{\"@type\":\"ListItem\",\"position\":2,\"name\":\"Infos und Termine\",\"item\":\"https:\/\/eks-bergheim.de\/?page_id=2\"},{\"@type\":\"ListItem\",\"position\":3,\"name\":\"Infos\",\"item\":\"https:\/\/eks-bergheim.de\/?page_id=569\"},{\"@type\":\"ListItem\",\"position\":4,\"name\":\"Kooperation mit Eltern\"}]},{\"@type\":\"WebSite\",\"@id\":\"http:\/\/eks-bergheim.de\/#website\",\"url\":\"http:\/\/eks-bergheim.de\/\",\"name\":\"Erich K\u00e4stner Schule Bergheim\",\"description\":\"\",\"potentialAction\":[{\"@type\":\"SearchAction\",\"target\":{\"@type\":\"EntryPoint\",\"urlTemplate\":\"http:\/\/eks-bergheim.de\/?s={search_term_string}\"},\"query-input\":{\"@type\":\"PropertyValueSpecification\",\"valueRequired\":true,\"valueName\":\"search_term_string\"}}],\"inLanguage\":\"de\"}]}<\/script>\n<!-- \/ Yoast SEO plugin. -->","yoast_head_json":{"title":"Kooperation mit Eltern - Erich K\u00e4stner Schule Bergheim","robots":{"index":"index","follow":"follow","max-snippet":"max-snippet:-1","max-image-preview":"max-image-preview:large","max-video-preview":"max-video-preview:-1"},"canonical":"https:\/\/eks-bergheim.de\/?page_id=613","og_locale":"de_DE","og_type":"article","og_title":"Kooperation mit Eltern - Erich K\u00e4stner Schule Bergheim","og_description":"Gerade der Bereich der Elternarbeit gestaltet sich schwierig, da nur wenige Eltern Interesse f\u00fcr die schulischen Belange ihrer Kinder zeigen. Aus diesem Grund versuchen wir verst\u00e4rkt die Eltern zu aktivieren und Kooperationen mit der Schule anzubahnen. Dies geschieht zum einen durch die Elternarbeit der Schulsozialarbeiterinnen (siehe oben), zum anderen ist die Elternberatung ein wichtiger Bestandteil &hellip; Weiterlesen","og_url":"https:\/\/eks-bergheim.de\/?page_id=613","og_site_name":"Erich K\u00e4stner Schule Bergheim","article_modified_time":"2011-12-02T10:58:47+00:00","twitter_card":"summary_large_image","twitter_misc":{"Gesch\u00e4tzte Lesezeit":"1\u00a0Minute"},"schema":{"@context":"https:\/\/schema.org","@graph":[{"@type":"WebPage","@id":"https:\/\/eks-bergheim.de\/?page_id=613","url":"https:\/\/eks-bergheim.de\/?page_id=613","name":"Kooperation mit Eltern - Erich K\u00e4stner Schule Bergheim","isPartOf":{"@id":"http:\/\/eks-bergheim.de\/#website"},"datePublished":"2011-12-02T10:50:50+00:00","dateModified":"2011-12-02T10:58:47+00:00","breadcrumb":{"@id":"https:\/\/eks-bergheim.de\/?page_id=613#breadcrumb"},"inLanguage":"de","potentialAction":[{"@type":"ReadAction","target":["https:\/\/eks-bergheim.de\/?page_id=613"]}]},{"@type":"BreadcrumbList","@id":"https:\/\/eks-bergheim.de\/?page_id=613#breadcrumb","itemListElement":[{"@type":"ListItem","position":1,"name":"Startseite","item":"http:\/\/eks-bergheim.de\/"},{"@type":"ListItem","position":2,"name":"Infos und Termine","item":"https:\/\/eks-bergheim.de\/?page_id=2"},{"@type":"ListItem","position":3,"name":"Infos","item":"https:\/\/eks-bergheim.de\/?page_id=569"},{"@type":"ListItem","position":4,"name":"Kooperation mit Eltern"}]},{"@type":"WebSite","@id":"http:\/\/eks-bergheim.de\/#website","url":"http:\/\/eks-bergheim.de\/","name":"Erich K\u00e4stner Schule Bergheim","description":"","potentialAction":[{"@type":"SearchAction","target":{"@type":"EntryPoint","urlTemplate":"http:\/\/eks-bergheim.de\/?s={search_term_string}"},"query-input":{"@type":"PropertyValueSpecification","valueRequired":true,"valueName":"search_term_string"}}],"inLanguage":"de"}]}},"_links":{"self":[{"href":"https:\/\/eks-bergheim.de\/index.php?rest_route=\/wp\/v2\/pages\/613","targetHints":{"allow":["GET"]}}],"collection":[{"href":"https:\/\/eks-bergheim.de\/index.php?rest_route=\/wp\/v2\/pages"}],"about":[{"href":"https:\/\/eks-bergheim.de\/index.php?rest_route=\/wp\/v2\/types\/page"}],"author":[{"embeddable":true,"href":"https:\/\/eks-bergheim.de\/index.php?rest_route=\/wp\/v2\/users\/1"}],"replies":[{"embeddable":true,"href":"https:\/\/eks-bergheim.de\/index.php?rest_route=%2Fwp%2Fv2%2Fcomments&post=613"}],"version-history":[{"count":2,"href":"https:\/\/eks-bergheim.de\/index.php?rest_route=\/wp\/v2\/pages\/613\/revisions"}],"predecessor-version":[{"id":625,"href":"https:\/\/eks-bergheim.de\/index.php?rest_route=\/wp\/v2\/pages\/613\/revisions\/625"}],"up":[{"embeddable":true,"href":"https:\/\/eks-bergheim.de\/index.php?rest_route=\/wp\/v2\/pages\/569"}],"wp:attachment":[{"href":"https:\/\/eks-bergheim.de\/index.php?rest_route=%2Fwp%2Fv2%2Fmedia&parent=613"}],"curies":[{"name":"wp","href":"https:\/\/api.w.org\/{rel}","templated":true}]}}