{"id":67,"date":"2011-10-07T11:16:28","date_gmt":"2011-10-07T11:16:28","guid":{"rendered":"http:\/\/wp10652880.wp159.webpack.hosteurope.de\/?page_id=67"},"modified":"2023-10-30T08:43:39","modified_gmt":"2023-10-30T08:43:39","slug":"kontakt","status":"publish","type":"page","link":"https:\/\/eks-bergheim.de\/?page_id=67","title":{"rendered":"Kontakt"},"content":{"rendered":"<p>Erich K\u00e4stner-Schule GHS Bergheim<\/p>\n<p>Gutenbergstra\u00dfe 10<\/p>\n<p>50126 Bergheim<\/p>\n<p>Telefon: 02271 \/ 767503<\/p>\n<p>Unser Sekretariat erreichen Sie .<\/p>\n<p>Mo. &#8211; Do.:\u00a0\u00a0\u00a0\u00a0 8:00 Uhr bis 11:30 Uhr und 12:30 Uhr bis 15:30 Uhr<br \/>\nFr.:\u00a0\u00a0\u00a0\u00a0\u00a0\u00a0\u00a0\u00a0\u00a0\u00a0\u00a0\u00a0\u00a0\u00a0\u00a0 8:00 Uhr bis 11:30 Uhr und 12:30 Uhr bis 14:30 Uhr<\/p>\n<p>e-mail: <a href=\"mailto:Erich-Kaestner-Schule@bergheim.de\">Erich-Kaestner-Schule@bergheim.de<\/a><\/p>\n<p>Bei Beschwerden, Hinweisen und Anregungen wenden Sie sich bitte zun\u00e4chst an die Verantwortlichen f\u00fcr die Website:<\/p>\n<p>Michael Frenz (Schulleiter)<\/p>\n<p>Randy Hasch (stellvertretende Schulleiterin)<\/p>\n<p>Schultr\u00e4ger:<\/p>\n<p><strong>Stadt Bergheim<\/strong><br \/>\nDie B\u00fcrgermeisterin<br \/>\nBethlehemer Str. 9 &#8211; 11<br \/>\n50126 Bergheim<\/p>\n<p>Tel. 02271 \/ 89-0<br \/>\nFax: 02271 \/ 89-239<\/p>\n<p>e-Mail: <a href=\"mailto:rathaus@bergheim.de\">rathaus@bergheim.de<\/a><br \/>\nWeb: <a href=\"http:\/\/www.bergheim.de\/\" target=\"_blank\" rel=\"noopener\">http:\/\/www.bergheim.de<\/a><\/p>\n<p>Der Erich K\u00e4stner-Schule bzw. der Schultr\u00e4ger hat stets die Richtigkeit, Vollst\u00e4ndigkeit und Aktualit\u00e4t der in dieser Internetpr\u00e4senz bereitgestellten Informationen zum Ziel. Dennoch k\u00f6nnen Fehler und Unklarheiten nicht ausgeschlossen werden. F\u00fcr Sch\u00e4den, die durch die Nutzung der zur Verf\u00fcgung gestellten Informationen oder Daten bzw. durch die Nutzung fehlerhafter und \/ oder unvollst\u00e4ndiger Informationen oder Daten verursacht werden, haftet die Erich K\u00e4stner-Schule bzw. deren Schultr\u00e4ger nicht, sofern ihr nicht vors\u00e4tzliches oder grob fahrl\u00e4ssiges Verschulden zur Last f\u00e4llt.<\/p>\n<p>Soweit in der Internetpr\u00e4senz der Erich K\u00e4stner-Schule ein Zugang zu fremden Inhalten, z. B. in Form von Links, vermittelt wird, die von anderen Anbietern bereit gestellt werden, wird darauf hingewiesen, dass die Erich K\u00e4stner-Schule bzw. deren Schultr\u00e4ger auf diese fremden Inhalte keinen Einfluss hat und sich diese Inhalte auch nicht zu eigen macht. Die Erich K\u00e4stner-Schule bzw. deren Schultr\u00e4ger hat derzeit keine Kenntnisse \u00fcber rechtswidrige oder anst\u00f6\u00dfige Inhalte auf den \u00fcber Link verkn\u00fcpften Seiten fremder Anbieter. Sollten dennoch auf den verkn\u00fcpften Seiten fremder Anbieter rechtswidrige oder anst\u00f6\u00dfige Inhalte enthalten sein, so distanziert sich die Erich K\u00e4stner-Schule bzw. deren Schultr\u00e4ger von diesen Inhalten ausdr\u00fccklich.<\/p>\n<p><a href=\"http:\/\/wp10652880.wp159.webpack.hosteurope.de\/wp-content\/uploads\/2011\/10\/Anfahrt.gif\"><img loading=\"lazy\" decoding=\"async\" class=\"aligncenter size-full wp-image-101\" title=\"Anfahrt\" src=\"http:\/\/wp10652880.wp159.webpack.hosteurope.de\/wp-content\/uploads\/2011\/10\/Anfahrt.gif\" alt=\"\" width=\"650\" height=\"366\" srcset=\"https:\/\/eks-bergheim.de\/wp-content\/uploads\/2011\/10\/Anfahrt.gif 650w, https:\/\/eks-bergheim.de\/wp-content\/uploads\/2011\/10\/Anfahrt-300x168.gif 300w\" sizes=\"auto, (max-width: 650px) 100vw, 650px\" \/><\/a><\/p>\n","protected":false},"excerpt":{"rendered":"<p>Erich K\u00e4stner-Schule GHS Bergheim Gutenbergstra\u00dfe 10 50126 Bergheim Telefon: 02271 \/ 767503 Unser Sekretariat erreichen Sie . Mo. &#8211; Do.:\u00a0\u00a0\u00a0\u00a0 8:00 Uhr bis 11:30 Uhr und 12:30 Uhr bis 15:30 Uhr Fr.:\u00a0\u00a0\u00a0\u00a0\u00a0\u00a0\u00a0\u00a0\u00a0\u00a0\u00a0\u00a0\u00a0\u00a0\u00a0 8:00 Uhr bis 11:30 Uhr und 12:30 Uhr bis 14:30 Uhr e-mail: Erich-Kaestner-Schule@bergheim.de Bei Beschwerden, Hinweisen und Anregungen wenden Sie sich bitte zun\u00e4chst &hellip; <\/p>\n<p><a class=\"more-link btn\" href=\"https:\/\/eks-bergheim.de\/?page_id=67\">Weiterlesen<\/a><\/p>\n","protected":false},"author":1,"featured_media":0,"parent":0,"menu_order":35,"comment_status":"open","ping_status":"open","template":"","meta":{"footnotes":""},"class_list":["post-67","page","type-page","status-publish","hentry","nodate","item-wrap"],"yoast_head":"<!-- This site is optimized with the Yoast SEO plugin v26.6 - https:\/\/yoast.com\/wordpress\/plugins\/seo\/ -->\n<title>Kontakt - Erich K\u00e4stner Schule Bergheim<\/title>\n<meta name=\"robots\" content=\"index, follow, max-snippet:-1, max-image-preview:large, max-video-preview:-1\" \/>\n<link rel=\"canonical\" href=\"http:\/\/eks-bergheim.de\/?page_id=67\" \/>\n<meta property=\"og:locale\" content=\"de_DE\" \/>\n<meta property=\"og:type\" content=\"article\" \/>\n<meta property=\"og:title\" content=\"Kontakt - Erich K\u00e4stner Schule Bergheim\" \/>\n<meta property=\"og:description\" content=\"Erich K\u00e4stner-Schule GHS Bergheim Gutenbergstra\u00dfe 10 50126 Bergheim Telefon: 02271 \/ 767503 Unser Sekretariat erreichen Sie . Mo. &#8211; Do.:\u00a0\u00a0\u00a0\u00a0 8:00 Uhr bis 11:30 Uhr und 12:30 Uhr bis 15:30 Uhr Fr.:\u00a0\u00a0\u00a0\u00a0\u00a0\u00a0\u00a0\u00a0\u00a0\u00a0\u00a0\u00a0\u00a0\u00a0\u00a0 8:00 Uhr bis 11:30 Uhr und 12:30 Uhr bis 14:30 Uhr e-mail: Erich-Kaestner-Schule@bergheim.de Bei Beschwerden, Hinweisen und Anregungen wenden Sie sich bitte zun\u00e4chst &hellip; Weiterlesen\" \/>\n<meta property=\"og:url\" content=\"http:\/\/eks-bergheim.de\/?page_id=67\" \/>\n<meta property=\"og:site_name\" content=\"Erich K\u00e4stner Schule Bergheim\" \/>\n<meta property=\"article:modified_time\" content=\"2023-10-30T08:43:39+00:00\" \/>\n<meta property=\"og:image\" content=\"http:\/\/wp10652880.wp159.webpack.hosteurope.de\/wp-content\/uploads\/2011\/10\/Anfahrt.gif\" \/>\n<meta name=\"twitter:card\" content=\"summary_large_image\" \/>\n<meta name=\"twitter:label1\" content=\"Gesch\u00e4tzte Lesezeit\" \/>\n\t<meta name=\"twitter:data1\" content=\"2\u00a0Minuten\" \/>\n<script type=\"application\/ld+json\" class=\"yoast-schema-graph\">{\"@context\":\"https:\/\/schema.org\",\"@graph\":[{\"@type\":\"WebPage\",\"@id\":\"http:\/\/eks-bergheim.de\/?page_id=67\",\"url\":\"http:\/\/eks-bergheim.de\/?page_id=67\",\"name\":\"Kontakt - Erich K\u00e4stner Schule Bergheim\",\"isPartOf\":{\"@id\":\"https:\/\/eks-bergheim.de\/#website\"},\"primaryImageOfPage\":{\"@id\":\"http:\/\/eks-bergheim.de\/?page_id=67#primaryimage\"},\"image\":{\"@id\":\"http:\/\/eks-bergheim.de\/?page_id=67#primaryimage\"},\"thumbnailUrl\":\"http:\/\/wp10652880.wp159.webpack.hosteurope.de\/wp-content\/uploads\/2011\/10\/Anfahrt.gif\",\"datePublished\":\"2011-10-07T11:16:28+00:00\",\"dateModified\":\"2023-10-30T08:43:39+00:00\",\"breadcrumb\":{\"@id\":\"http:\/\/eks-bergheim.de\/?page_id=67#breadcrumb\"},\"inLanguage\":\"de\",\"potentialAction\":[{\"@type\":\"ReadAction\",\"target\":[\"http:\/\/eks-bergheim.de\/?page_id=67\"]}]},{\"@type\":\"ImageObject\",\"inLanguage\":\"de\",\"@id\":\"http:\/\/eks-bergheim.de\/?page_id=67#primaryimage\",\"url\":\"http:\/\/wp10652880.wp159.webpack.hosteurope.de\/wp-content\/uploads\/2011\/10\/Anfahrt.gif\",\"contentUrl\":\"http:\/\/wp10652880.wp159.webpack.hosteurope.de\/wp-content\/uploads\/2011\/10\/Anfahrt.gif\"},{\"@type\":\"BreadcrumbList\",\"@id\":\"http:\/\/eks-bergheim.de\/?page_id=67#breadcrumb\",\"itemListElement\":[{\"@type\":\"ListItem\",\"position\":1,\"name\":\"Startseite\",\"item\":\"https:\/\/eks-bergheim.de\/\"},{\"@type\":\"ListItem\",\"position\":2,\"name\":\"Kontakt\"}]},{\"@type\":\"WebSite\",\"@id\":\"https:\/\/eks-bergheim.de\/#website\",\"url\":\"https:\/\/eks-bergheim.de\/\",\"name\":\"Erich K\u00e4stner Schule Bergheim\",\"description\":\"\",\"potentialAction\":[{\"@type\":\"SearchAction\",\"target\":{\"@type\":\"EntryPoint\",\"urlTemplate\":\"https:\/\/eks-bergheim.de\/?s={search_term_string}\"},\"query-input\":{\"@type\":\"PropertyValueSpecification\",\"valueRequired\":true,\"valueName\":\"search_term_string\"}}],\"inLanguage\":\"de\"}]}<\/script>\n<!-- \/ Yoast SEO plugin. -->","yoast_head_json":{"title":"Kontakt - Erich K\u00e4stner Schule Bergheim","robots":{"index":"index","follow":"follow","max-snippet":"max-snippet:-1","max-image-preview":"max-image-preview:large","max-video-preview":"max-video-preview:-1"},"canonical":"http:\/\/eks-bergheim.de\/?page_id=67","og_locale":"de_DE","og_type":"article","og_title":"Kontakt - Erich K\u00e4stner Schule Bergheim","og_description":"Erich K\u00e4stner-Schule GHS Bergheim Gutenbergstra\u00dfe 10 50126 Bergheim Telefon: 02271 \/ 767503 Unser Sekretariat erreichen Sie . Mo. &#8211; Do.:\u00a0\u00a0\u00a0\u00a0 8:00 Uhr bis 11:30 Uhr und 12:30 Uhr bis 15:30 Uhr Fr.:\u00a0\u00a0\u00a0\u00a0\u00a0\u00a0\u00a0\u00a0\u00a0\u00a0\u00a0\u00a0\u00a0\u00a0\u00a0 8:00 Uhr bis 11:30 Uhr und 12:30 Uhr bis 14:30 Uhr e-mail: Erich-Kaestner-Schule@bergheim.de Bei Beschwerden, Hinweisen und Anregungen wenden Sie sich bitte zun\u00e4chst &hellip; Weiterlesen","og_url":"http:\/\/eks-bergheim.de\/?page_id=67","og_site_name":"Erich K\u00e4stner Schule Bergheim","article_modified_time":"2023-10-30T08:43:39+00:00","og_image":[{"url":"http:\/\/wp10652880.wp159.webpack.hosteurope.de\/wp-content\/uploads\/2011\/10\/Anfahrt.gif","type":"","width":"","height":""}],"twitter_card":"summary_large_image","twitter_misc":{"Gesch\u00e4tzte Lesezeit":"2\u00a0Minuten"},"schema":{"@context":"https:\/\/schema.org","@graph":[{"@type":"WebPage","@id":"http:\/\/eks-bergheim.de\/?page_id=67","url":"http:\/\/eks-bergheim.de\/?page_id=67","name":"Kontakt - Erich K\u00e4stner Schule Bergheim","isPartOf":{"@id":"https:\/\/eks-bergheim.de\/#website"},"primaryImageOfPage":{"@id":"http:\/\/eks-bergheim.de\/?page_id=67#primaryimage"},"image":{"@id":"http:\/\/eks-bergheim.de\/?page_id=67#primaryimage"},"thumbnailUrl":"http:\/\/wp10652880.wp159.webpack.hosteurope.de\/wp-content\/uploads\/2011\/10\/Anfahrt.gif","datePublished":"2011-10-07T11:16:28+00:00","dateModified":"2023-10-30T08:43:39+00:00","breadcrumb":{"@id":"http:\/\/eks-bergheim.de\/?page_id=67#breadcrumb"},"inLanguage":"de","potentialAction":[{"@type":"ReadAction","target":["http:\/\/eks-bergheim.de\/?page_id=67"]}]},{"@type":"ImageObject","inLanguage":"de","@id":"http:\/\/eks-bergheim.de\/?page_id=67#primaryimage","url":"http:\/\/wp10652880.wp159.webpack.hosteurope.de\/wp-content\/uploads\/2011\/10\/Anfahrt.gif","contentUrl":"http:\/\/wp10652880.wp159.webpack.hosteurope.de\/wp-content\/uploads\/2011\/10\/Anfahrt.gif"},{"@type":"BreadcrumbList","@id":"http:\/\/eks-bergheim.de\/?page_id=67#breadcrumb","itemListElement":[{"@type":"ListItem","position":1,"name":"Startseite","item":"https:\/\/eks-bergheim.de\/"},{"@type":"ListItem","position":2,"name":"Kontakt"}]},{"@type":"WebSite","@id":"https:\/\/eks-bergheim.de\/#website","url":"https:\/\/eks-bergheim.de\/","name":"Erich K\u00e4stner Schule Bergheim","description":"","potentialAction":[{"@type":"SearchAction","target":{"@type":"EntryPoint","urlTemplate":"https:\/\/eks-bergheim.de\/?s={search_term_string}"},"query-input":{"@type":"PropertyValueSpecification","valueRequired":true,"valueName":"search_term_string"}}],"inLanguage":"de"}]}},"_links":{"self":[{"href":"https:\/\/eks-bergheim.de\/index.php?rest_route=\/wp\/v2\/pages\/67","targetHints":{"allow":["GET"]}}],"collection":[{"href":"https:\/\/eks-bergheim.de\/index.php?rest_route=\/wp\/v2\/pages"}],"about":[{"href":"https:\/\/eks-bergheim.de\/index.php?rest_route=\/wp\/v2\/types\/page"}],"author":[{"embeddable":true,"href":"https:\/\/eks-bergheim.de\/index.php?rest_route=\/wp\/v2\/users\/1"}],"replies":[{"embeddable":true,"href":"https:\/\/eks-bergheim.de\/index.php?rest_route=%2Fwp%2Fv2%2Fcomments&post=67"}],"version-history":[{"count":15,"href":"https:\/\/eks-bergheim.de\/index.php?rest_route=\/wp\/v2\/pages\/67\/revisions"}],"predecessor-version":[{"id":9390,"href":"https:\/\/eks-bergheim.de\/index.php?rest_route=\/wp\/v2\/pages\/67\/revisions\/9390"}],"wp:attachment":[{"href":"https:\/\/eks-bergheim.de\/index.php?rest_route=%2Fwp%2Fv2%2Fmedia&parent=67"}],"curies":[{"name":"wp","href":"https:\/\/api.w.org\/{rel}","templated":true}]}}